{"id":11233,"date":"2025-08-31T04:08:25","date_gmt":"2025-08-30T20:08:25","guid":{"rendered":"https:\/\/zv.carbonpix.com\/?post_type=product&#038;p=11233"},"modified":"2025-09-19T14:57:15","modified_gmt":"2025-09-19T06:57:15","slug":"fauteuil-dexterieur-serie-nar","status":"publish","type":"product","link":"https:\/\/z-v.fr\/fr\/produit\/fauteuil-dexterieur-serie-nar","title":{"rendered":"Fauteuil d\u2019ext\u00e9rieur &#8211; S\u00e9rie Nar"},"content":{"rendered":"<p><strong>Personnalisez-le selon votre style avec ces diff\u00e9rentes finitions :<\/strong><\/p>\n<ul>\n<li>Structure disponible en plusieurs coloris,<\/li>\n<li>Coussins propos\u00e9s dans le tissu de votre choix.<\/li>\n<\/ul>\n","protected":false},"excerpt":{"rendered":"<p>Avec ses lignes suspendues, Nar apporte l\u00e9g\u00e8ret\u00e9 et solidit\u00e9 \u00e0 vos espaces ext\u00e9rieurs.<\/p>\n<p>Fabriqu\u00e9 en acier inoxydable avec un rev\u00eatement sp\u00e9cifique pour les environnements exigeants, il allie modernit\u00e9 et esth\u00e9tique industrielle, sans n\u00e9cessiter d&rsquo;entretien.<\/p>\n","protected":false},"featured_media":6655,"template":"","meta":[],"product_brand":[],"product_cat":[1280],"product_tag":[],"class_list":{"0":"post-11233","1":"product","2":"type-product","3":"status-publish","4":"has-post-thumbnail","6":"product_cat-mobilier-dexterieur","9":"first","10":"instock","11":"shipping-taxable","12":"product-type-simple"},"aioseo_notices":[],"_links":{"self":[{"href":"https:\/\/z-v.fr\/fr\/wp-json\/wp\/v2\/product\/11233","targetHints":{"allow":["GET"]}}],"collection":[{"href":"https:\/\/z-v.fr\/fr\/wp-json\/wp\/v2\/product"}],"about":[{"href":"https:\/\/z-v.fr\/fr\/wp-json\/wp\/v2\/types\/product"}],"wp:featuredmedia":[{"embeddable":true,"href":"https:\/\/z-v.fr\/fr\/wp-json\/wp\/v2\/media\/6655"}],"wp:attachment":[{"href":"https:\/\/z-v.fr\/fr\/wp-json\/wp\/v2\/media?parent=11233"}],"wp:term":[{"taxonomy":"product_brand","embeddable":true,"href":"https:\/\/z-v.fr\/fr\/wp-json\/wp\/v2\/product_brand?post=11233"},{"taxonomy":"product_cat","embeddable":true,"href":"https:\/\/z-v.fr\/fr\/wp-json\/wp\/v2\/product_cat?post=11233"},{"taxonomy":"product_tag","embeddable":true,"href":"https:\/\/z-v.fr\/fr\/wp-json\/wp\/v2\/product_tag?post=11233"}],"curies":[{"name":"wp","href":"https:\/\/api.w.org\/{rel}","templated":true}]}}