{"id":11232,"date":"2025-08-31T04:08:25","date_gmt":"2025-08-30T20:08:25","guid":{"rendered":"https:\/\/zv.carbonpix.com\/?post_type=product&#038;p=11232"},"modified":"2025-09-19T14:54:54","modified_gmt":"2025-09-19T06:54:54","slug":"fauteuil-dexterieur-eto","status":"publish","type":"product","link":"https:\/\/z-v.fr\/fr\/produit\/fauteuil-dexterieur-eto","title":{"rendered":"Fauteuil d\u2019ext\u00e9rieur &#8211; Eto"},"content":{"rendered":"<p><strong>Personnalisez-le selon votre style avec ces diff\u00e9rentes finitions :<\/strong><\/p>\n<ul>\n<li>Structure disponible en plusieurs coloris,<\/li>\n<li>Coussins propos\u00e9s dans le tissu de votre choix.<\/li>\n<\/ul>\n","protected":false},"excerpt":{"rendered":"<p>Ultra confortable et \u00e9l\u00e9gante, Eto est l\u2019une de ces ic\u00f4nes qui s\u2019imposent naturellement dans nos espaces ext\u00e9rieurs.<\/p>\n<p>Fabriqu\u00e9e avec une structure en aluminium, des cordes et un tissu r\u00e9sistants aux UV, elle est con\u00e7ue pour durer et garantir votre enti\u00e8re satisfaction.<\/p>\n","protected":false},"featured_media":6661,"template":"","meta":[],"product_brand":[],"product_cat":[1280],"product_tag":[],"class_list":{"0":"post-11232","1":"product","2":"type-product","3":"status-publish","4":"has-post-thumbnail","6":"product_cat-mobilier-dexterieur","9":"first","10":"instock","11":"shipping-taxable","12":"product-type-simple"},"aioseo_notices":[],"_links":{"self":[{"href":"https:\/\/z-v.fr\/fr\/wp-json\/wp\/v2\/product\/11232","targetHints":{"allow":["GET"]}}],"collection":[{"href":"https:\/\/z-v.fr\/fr\/wp-json\/wp\/v2\/product"}],"about":[{"href":"https:\/\/z-v.fr\/fr\/wp-json\/wp\/v2\/types\/product"}],"wp:featuredmedia":[{"embeddable":true,"href":"https:\/\/z-v.fr\/fr\/wp-json\/wp\/v2\/media\/6661"}],"wp:attachment":[{"href":"https:\/\/z-v.fr\/fr\/wp-json\/wp\/v2\/media?parent=11232"}],"wp:term":[{"taxonomy":"product_brand","embeddable":true,"href":"https:\/\/z-v.fr\/fr\/wp-json\/wp\/v2\/product_brand?post=11232"},{"taxonomy":"product_cat","embeddable":true,"href":"https:\/\/z-v.fr\/fr\/wp-json\/wp\/v2\/product_cat?post=11232"},{"taxonomy":"product_tag","embeddable":true,"href":"https:\/\/z-v.fr\/fr\/wp-json\/wp\/v2\/product_tag?post=11232"}],"curies":[{"name":"wp","href":"https:\/\/api.w.org\/{rel}","templated":true}]}}