{"id":11230,"date":"2025-08-31T04:08:25","date_gmt":"2025-08-30T20:08:25","guid":{"rendered":"https:\/\/zv.carbonpix.com\/?post_type=product&#038;p=11230"},"modified":"2025-09-25T12:48:39","modified_gmt":"2025-09-25T04:48:39","slug":"chaise-haute-dexterieur-serie-tes","status":"publish","type":"product","link":"https:\/\/z-v.fr\/fr\/produit\/chaise-haute-dexterieur-serie-tes","title":{"rendered":"Chaise haute d\u2019ext\u00e9rieur &#8211; S\u00e9rie Tes"},"content":{"rendered":"<p><strong>Personnalisez-la selon votre style gr\u00e2ce \u00e0 ces diff\u00e9rentes finitions :<\/strong><\/p>\n<ul>\n<li>Structure disponible en plusieurs coloris,<\/li>\n<li>Des centaines de styles de rotin au choix,<\/li>\n<li>Coussins disponibles dans le tissu de votre s\u00e9lection.<\/li>\n<\/ul>\n","protected":false},"excerpt":{"rendered":"<p><strong>Tes est une r\u00e9\u00e9dition de la chaise classique en rotin des ann\u00e9es 1920.<\/strong><\/p>\n<p>Revisit\u00e9 en aluminium et en rotin synth\u00e9tique, ce mod\u00e8le reprend toutes les caract\u00e9ristiques de cette chaise embl\u00e9matique du style fran\u00e7ais, tout en int\u00e9grant des mat\u00e9riaux robustes et durables.<\/p>\n","protected":false},"featured_media":6672,"template":"","meta":[],"product_brand":[],"product_cat":[1280],"product_tag":[],"class_list":{"0":"post-11230","1":"product","2":"type-product","3":"status-publish","4":"has-post-thumbnail","6":"product_cat-mobilier-dexterieur","9":"first","10":"instock","11":"shipping-taxable","12":"product-type-simple"},"aioseo_notices":[],"_links":{"self":[{"href":"https:\/\/z-v.fr\/fr\/wp-json\/wp\/v2\/product\/11230","targetHints":{"allow":["GET"]}}],"collection":[{"href":"https:\/\/z-v.fr\/fr\/wp-json\/wp\/v2\/product"}],"about":[{"href":"https:\/\/z-v.fr\/fr\/wp-json\/wp\/v2\/types\/product"}],"wp:featuredmedia":[{"embeddable":true,"href":"https:\/\/z-v.fr\/fr\/wp-json\/wp\/v2\/media\/6672"}],"wp:attachment":[{"href":"https:\/\/z-v.fr\/fr\/wp-json\/wp\/v2\/media?parent=11230"}],"wp:term":[{"taxonomy":"product_brand","embeddable":true,"href":"https:\/\/z-v.fr\/fr\/wp-json\/wp\/v2\/product_brand?post=11230"},{"taxonomy":"product_cat","embeddable":true,"href":"https:\/\/z-v.fr\/fr\/wp-json\/wp\/v2\/product_cat?post=11230"},{"taxonomy":"product_tag","embeddable":true,"href":"https:\/\/z-v.fr\/fr\/wp-json\/wp\/v2\/product_tag?post=11230"}],"curies":[{"name":"wp","href":"https:\/\/api.w.org\/{rel}","templated":true}]}}