{"id":11228,"date":"2025-08-31T04:08:25","date_gmt":"2025-08-30T20:08:25","guid":{"rendered":"https:\/\/zv.carbonpix.com\/?post_type=product&#038;p=11228"},"modified":"2025-09-25T12:47:47","modified_gmt":"2025-09-25T04:47:47","slug":"chaise-dexterieur-stu","status":"publish","type":"product","link":"https:\/\/z-v.fr\/fr\/produit\/chaise-dexterieur-stu","title":{"rendered":"Chaise d\u2019ext\u00e9rieur &#8211; Stu"},"content":{"rendered":"<p><strong>Personnalisez-la selon votre style gr\u00e2ce \u00e0 ces diff\u00e9rentes finitions :<\/strong><\/p>\n<ul>\n<li>Nombreuses options de couleur pour la structure,<\/li>\n<li>Des centaines de fibres de rotin disponibles,<\/li>\n<li>Coussins disponibles dans le tissu de votre choix.<\/li>\n<\/ul>\n","protected":false},"excerpt":{"rendered":"<p><strong>Inspir\u00e9e des chaises de campagne fran\u00e7aises des ann\u00e9es 50, Stu m\u00eale influences traditionnelles et industrielles pour proposer un design unique avec son assise en rotin.<\/strong><\/p>\n<p>Empilable, compos\u00e9e d\u2019acier inoxydable et de rotin synth\u00e9tique, elle est fabriqu\u00e9e avec des mat\u00e9riaux haut de gamme con\u00e7us pour r\u00e9sister aux variations climatiques de votre environnement.<\/p>\n","protected":false},"featured_media":6681,"template":"","meta":[],"product_brand":[],"product_cat":[1280],"product_tag":[],"class_list":{"0":"post-11228","1":"product","2":"type-product","3":"status-publish","4":"has-post-thumbnail","6":"product_cat-mobilier-dexterieur","9":"first","10":"instock","11":"shipping-taxable","12":"product-type-simple"},"aioseo_notices":[],"_links":{"self":[{"href":"https:\/\/z-v.fr\/fr\/wp-json\/wp\/v2\/product\/11228","targetHints":{"allow":["GET"]}}],"collection":[{"href":"https:\/\/z-v.fr\/fr\/wp-json\/wp\/v2\/product"}],"about":[{"href":"https:\/\/z-v.fr\/fr\/wp-json\/wp\/v2\/types\/product"}],"wp:featuredmedia":[{"embeddable":true,"href":"https:\/\/z-v.fr\/fr\/wp-json\/wp\/v2\/media\/6681"}],"wp:attachment":[{"href":"https:\/\/z-v.fr\/fr\/wp-json\/wp\/v2\/media?parent=11228"}],"wp:term":[{"taxonomy":"product_brand","embeddable":true,"href":"https:\/\/z-v.fr\/fr\/wp-json\/wp\/v2\/product_brand?post=11228"},{"taxonomy":"product_cat","embeddable":true,"href":"https:\/\/z-v.fr\/fr\/wp-json\/wp\/v2\/product_cat?post=11228"},{"taxonomy":"product_tag","embeddable":true,"href":"https:\/\/z-v.fr\/fr\/wp-json\/wp\/v2\/product_tag?post=11228"}],"curies":[{"name":"wp","href":"https:\/\/api.w.org\/{rel}","templated":true}]}}