{"id":11226,"date":"2025-08-31T04:08:50","date_gmt":"2025-08-30T20:08:50","guid":{"rendered":"https:\/\/zv.carbonpix.com\/?post_type=product&#038;p=11226"},"modified":"2025-09-17T18:07:44","modified_gmt":"2025-09-17T10:07:44","slug":"table-haute-serie-h","status":"publish","type":"product","link":"https:\/\/z-v.fr\/fr\/produit\/table-haute-serie-h","title":{"rendered":"Table haute &#8211; S\u00e9rie H"},"content":{"rendered":"<p><strong>Personnalisez-le selon votre style avec ces diff\u00e9rentes finitions :<\/strong><\/p>\n<ul>\n<li>Bois massif (bambou, ch\u00eane, h\u00e9v\u00e9a, noyer, etc.),<\/li>\n<li>Pierre naturelle ou Corian,<\/li>\n<li>\u00c9l\u00e9ments en laiton, LED int\u00e9gr\u00e9es et finition en r\u00e9sine \u00e9poxy,<\/li>\n<li>Stratifi\u00e9 HPL Formica (toutes couleurs disponibles).<\/li>\n<\/ul>\n<p><strong>Composants optionnels\u00a0:<\/strong><\/p>\n<ul>\n<li>Bo\u00eetier d\u2019alimentation avec multiples solutions,<\/li>\n<li>Goulotte passe-c\u00e2bles sous le plateau,<\/li>\n<li>Chargeur sans fil,<\/li>\n<li>S\u00e9parateurs multi-mat\u00e9riaux int\u00e9gr\u00e9s.<\/li>\n<\/ul>\n","protected":false},"excerpt":{"rendered":"<p><strong>La s\u00e9rie H offre un espace vaste et central dans lequel vous pouvez travailler, \u00e9changer et profiter d\u2019une pause bien m\u00e9rit\u00e9e.<\/strong><\/p>\n<p>En fonction de vos besoins, nous fabriquons un produit parfaitement adapt\u00e9 \u00e0 vos dimensions et exigences en mati\u00e8re de mat\u00e9riaux. Parce que la technologie est essentielle, chaque unit\u00e9 int\u00e8gre les fonctionnalit\u00e9s dont vous r\u00eavez, afin d\u2019apporter \u00e0 votre lieu de travail les avantages qu\u2019il m\u00e9rite.<\/p>\n","protected":false},"featured_media":6845,"template":"","meta":[],"product_brand":[],"product_cat":[1274],"product_tag":[],"class_list":{"0":"post-11226","1":"product","2":"type-product","3":"status-publish","4":"has-post-thumbnail","6":"product_cat-table-haute","9":"first","10":"instock","11":"shipping-taxable","12":"product-type-simple"},"aioseo_notices":[],"_links":{"self":[{"href":"https:\/\/z-v.fr\/fr\/wp-json\/wp\/v2\/product\/11226","targetHints":{"allow":["GET"]}}],"collection":[{"href":"https:\/\/z-v.fr\/fr\/wp-json\/wp\/v2\/product"}],"about":[{"href":"https:\/\/z-v.fr\/fr\/wp-json\/wp\/v2\/types\/product"}],"wp:featuredmedia":[{"embeddable":true,"href":"https:\/\/z-v.fr\/fr\/wp-json\/wp\/v2\/media\/6845"}],"wp:attachment":[{"href":"https:\/\/z-v.fr\/fr\/wp-json\/wp\/v2\/media?parent=11226"}],"wp:term":[{"taxonomy":"product_brand","embeddable":true,"href":"https:\/\/z-v.fr\/fr\/wp-json\/wp\/v2\/product_brand?post=11226"},{"taxonomy":"product_cat","embeddable":true,"href":"https:\/\/z-v.fr\/fr\/wp-json\/wp\/v2\/product_cat?post=11226"},{"taxonomy":"product_tag","embeddable":true,"href":"https:\/\/z-v.fr\/fr\/wp-json\/wp\/v2\/product_tag?post=11226"}],"curies":[{"name":"wp","href":"https:\/\/api.w.org\/{rel}","templated":true}]}}