{"id":11223,"date":"2025-08-31T04:08:50","date_gmt":"2025-08-30T20:08:50","guid":{"rendered":"https:\/\/zv.carbonpix.com\/?post_type=product&#038;p=11223"},"modified":"2025-09-19T10:29:52","modified_gmt":"2025-09-19T02:29:52","slug":"cabine-de-travail-poodz","status":"publish","type":"product","link":"https:\/\/z-v.fr\/fr\/produit\/cabine-de-travail-poodz","title":{"rendered":"Cabine de travail &#8211; Pood&rsquo;z"},"content":{"rendered":"<p><strong>Cr\u00e9ez votre propre Pood&rsquo;Z,<\/strong><\/p>\n<ul>\n<li>Disponible en plusieurs couleurs, styles et configurations,<\/li>\n<li>Lumi\u00e8re int\u00e9gr\u00e9e,<\/li>\n<li>Hub d\u2019alimentation et goulotte passe-c\u00e2bles,<\/li>\n<li>Support \u00e9cran et accessoires de bureau,<\/li>\n<\/ul>\n<p>et plusieurs <strong>options de mat\u00e9riaux pour le plateau<\/strong>, disponibles dans toutes les couleurs et finitions :<\/p>\n<ul>\n<li>PET,<\/li>\n<li>Stratifi\u00e9 l\u00e9ger,<\/li>\n<li>HPL,<\/li>\n<li>Bois massif (h\u00e9v\u00e9a).<\/li>\n<\/ul>\n","protected":false},"excerpt":{"rendered":"<p><strong>Id\u00e9al pour cr\u00e9er de la confidentialit\u00e9 dans un espace ouvert, chaque Pood&rsquo;Z vous aide \u00e0 vous concentrer, \u00e0 l\u2019\u00e9cart de votre environnement imm\u00e9diat.<\/strong><\/p>\n<p>Con\u00e7u sp\u00e9cifiquement pour vous immerger, il forme une bulle de concentration et d\u2019intimit\u00e9, filtrant les distractions proches. Fabriqu\u00e9 en mat\u00e9riau acoustique PET, il absorbe et permet de ma\u00eetriser efficacement les bruits de fond.<\/p>\n<p>Pood&rsquo;Z est un bureau confortable et \u00e9l\u00e9gant avec un impact positif sur votre environnement acoustique.<\/p>\n","protected":false},"featured_media":10581,"template":"","meta":[],"product_brand":[],"product_cat":[1268,1273,1278],"product_tag":[],"class_list":{"0":"post-11223","1":"product","2":"type-product","3":"status-publish","4":"has-post-thumbnail","6":"product_cat-solutions-acoustiques","7":"product_cat-bureau","8":"product_cat-bulle-de-travail","11":"first","12":"instock","13":"shipping-taxable","14":"product-type-simple"},"aioseo_notices":[],"_links":{"self":[{"href":"https:\/\/z-v.fr\/fr\/wp-json\/wp\/v2\/product\/11223","targetHints":{"allow":["GET"]}}],"collection":[{"href":"https:\/\/z-v.fr\/fr\/wp-json\/wp\/v2\/product"}],"about":[{"href":"https:\/\/z-v.fr\/fr\/wp-json\/wp\/v2\/types\/product"}],"wp:featuredmedia":[{"embeddable":true,"href":"https:\/\/z-v.fr\/fr\/wp-json\/wp\/v2\/media\/10581"}],"wp:attachment":[{"href":"https:\/\/z-v.fr\/fr\/wp-json\/wp\/v2\/media?parent=11223"}],"wp:term":[{"taxonomy":"product_brand","embeddable":true,"href":"https:\/\/z-v.fr\/fr\/wp-json\/wp\/v2\/product_brand?post=11223"},{"taxonomy":"product_cat","embeddable":true,"href":"https:\/\/z-v.fr\/fr\/wp-json\/wp\/v2\/product_cat?post=11223"},{"taxonomy":"product_tag","embeddable":true,"href":"https:\/\/z-v.fr\/fr\/wp-json\/wp\/v2\/product_tag?post=11223"}],"curies":[{"name":"wp","href":"https:\/\/api.w.org\/{rel}","templated":true}]}}