{"id":11222,"date":"2025-08-31T04:08:50","date_gmt":"2025-08-30T20:08:50","guid":{"rendered":"https:\/\/zv.carbonpix.com\/?post_type=product&#038;p=11222"},"modified":"2025-09-24T12:57:18","modified_gmt":"2025-09-24T04:57:18","slug":"moquette-commercial","status":"publish","type":"product","link":"https:\/\/z-v.fr\/fr\/produit\/moquette-commercial","title":{"rendered":"Moquette &#8211; Usage commercial"},"content":{"rendered":"<p><strong>Notre gamme commerciale est :<\/strong><\/p>\n<ul>\n<li>R\u00e9sistante \u00e0 un usage intensif,<\/li>\n<li>Technologie anti-taches,<\/li>\n<li>Des mat\u00e9riaux r\u00e9sistants aux UV,<\/li>\n<li>R\u00e9sistance au feu (Classe B),<\/li>\n<li>Absorption acoustique \u00e9lev\u00e9e,<\/li>\n<li>Antibact\u00e9rien et anti-moisissure,<\/li>\n<li>Sans formald\u00e9hyde et sans COV,<\/li>\n<li>Garantie de 15 ans pour un usage commercial.<\/li>\n<\/ul>\n<p>&nbsp;<\/p>\n<p><img loading=\"lazy\" decoding=\"async\" class=\"aligncenter size-full wp-image-7695\" src=\"https:\/\/z-v.fr\/wp-content\/uploads\/2024\/02\/Carpet-ZV-jpg.webp\" alt=\"Carpet - Z&amp;V\" width=\"624\" height=\"397\" srcset=\"https:\/\/z-v.fr\/wp-content\/uploads\/2024\/02\/Carpet-ZV-jpg.webp 624w, https:\/\/z-v.fr\/wp-content\/uploads\/2024\/02\/Carpet-ZV-300x191.webp 300w, https:\/\/z-v.fr\/wp-content\/uploads\/2024\/02\/Carpet-ZV-100x64.webp 100w, https:\/\/z-v.fr\/wp-content\/uploads\/2024\/02\/Carpet-ZV-600x382.webp 600w\" sizes=\"auto, (max-width: 624px) 100vw, 624px\" \/><\/p>\n","protected":false},"excerpt":{"rendered":"<p><strong>Notre collection de moquettes, destin\u00e9e aux espaces commerciaux, est con\u00e7ue avec soin pour r\u00e9pondre aux exigences des environnements \u00e0 fort passage, sans compromis sur l\u2019\u00e9l\u00e9gance.<\/strong><\/p>\n<p>Gr\u00e2ce \u00e0 une excellente durabilit\u00e9, assur\u00e9e par une superposition de mat\u00e9riaux composites souples et rigides, elle valorise vos espaces par une alliance parfaite entre style et fonctionnalit\u00e9.<\/p>\n<p>Polyvalente, elle se d\u00e9cline dans un large choix de motifs, de couleurs, de textures et d\u2019\u00e9paisseurs, s\u2019int\u00e9grant parfaitement \u00e0 divers environnements professionnels pour refl\u00e9ter l\u2019identit\u00e9 de votre marque.<\/p>\n<p>Con\u00e7ue pour une installation simple, toute notre gamme est pr\u00eate \u00e0 poser : aucun travail pr\u00e9paratoire n\u2019est n\u00e9cessaire. Le sol peut \u00eatre utilis\u00e9 imm\u00e9diatement, sans poussi\u00e8re, sans odeur, ni \u00e9mission de COV.<\/p>\n<p><strong>Garantie de 15 ans pour un usage commercial.<\/strong><\/p>\n","protected":false},"featured_media":7748,"template":"","meta":[],"product_brand":[],"product_cat":[1269],"product_tag":[],"class_list":{"0":"post-11222","1":"product","2":"type-product","3":"status-publish","4":"has-post-thumbnail","6":"product_cat-revetements-de-sol","9":"first","10":"instock","11":"featured","12":"shipping-taxable","13":"product-type-simple"},"aioseo_notices":[],"_links":{"self":[{"href":"https:\/\/z-v.fr\/fr\/wp-json\/wp\/v2\/product\/11222","targetHints":{"allow":["GET"]}}],"collection":[{"href":"https:\/\/z-v.fr\/fr\/wp-json\/wp\/v2\/product"}],"about":[{"href":"https:\/\/z-v.fr\/fr\/wp-json\/wp\/v2\/types\/product"}],"wp:featuredmedia":[{"embeddable":true,"href":"https:\/\/z-v.fr\/fr\/wp-json\/wp\/v2\/media\/7748"}],"wp:attachment":[{"href":"https:\/\/z-v.fr\/fr\/wp-json\/wp\/v2\/media?parent=11222"}],"wp:term":[{"taxonomy":"product_brand","embeddable":true,"href":"https:\/\/z-v.fr\/fr\/wp-json\/wp\/v2\/product_brand?post=11222"},{"taxonomy":"product_cat","embeddable":true,"href":"https:\/\/z-v.fr\/fr\/wp-json\/wp\/v2\/product_cat?post=11222"},{"taxonomy":"product_tag","embeddable":true,"href":"https:\/\/z-v.fr\/fr\/wp-json\/wp\/v2\/product_tag?post=11222"}],"curies":[{"name":"wp","href":"https:\/\/api.w.org\/{rel}","templated":true}]}}