{"id":11221,"date":"2025-08-31T04:08:50","date_gmt":"2025-08-30T20:08:50","guid":{"rendered":"https:\/\/zv.carbonpix.com\/?post_type=product&#038;p=11221"},"modified":"2025-09-24T12:56:06","modified_gmt":"2025-09-24T04:56:06","slug":"moquette-residentiel","status":"publish","type":"product","link":"https:\/\/z-v.fr\/fr\/produit\/moquette-residentiel","title":{"rendered":"Moquette &#8211; Usage r\u00e9sidentiel"},"content":{"rendered":"<p><strong>Notre gamme r\u00e9sidentielle offre :<\/strong><\/p>\n<ul>\n<li>Une performance durable,<\/li>\n<li>Une technologie anti-taches,<\/li>\n<li>Des mat\u00e9riaux r\u00e9sistants aux UV,<\/li>\n<li>Absorption acoustique \u00e9lev\u00e9e,<\/li>\n<li>Des propri\u00e9t\u00e9s antibact\u00e9riennes et anti-moisissure,<\/li>\n<li>Sans formald\u00e9hyde et sans COV,<\/li>\n<li>Garantie d&rsquo;utilisation r\u00e9sidentielle de 10 ans.<\/li>\n<\/ul>\n<p><img loading=\"lazy\" decoding=\"async\" class=\"aligncenter size-full wp-image-7695\" src=\"[https:\/\/z-v.fr\/wp-content\/uploads\/2024\/02\/Carpet-ZV-jpg.webp](https:\/\/z-v.fr\/wp-content\/uploads\/2024\/02\/Carpet-ZV-jpg.webp)\" alt=\"Carpet - Z&amp;V\" width=\"624\" height=\"397\" srcset=\"https:\/\/z-v.fr\/wp-content\/uploads\/2024\/02\/Carpet-ZV-jpg.webp 624w, https:\/\/z-v.fr\/wp-content\/uploads\/2024\/02\/Carpet-ZV-300x191.webp 300w, https:\/\/z-v.fr\/wp-content\/uploads\/2024\/02\/Carpet-ZV-100x64.webp 100w, https:\/\/z-v.fr\/wp-content\/uploads\/2024\/02\/Carpet-ZV-600x382.webp 600w\" sizes=\"auto, (max-width: 624px) 100vw, 624px\" \/><\/p>\n","protected":false},"excerpt":{"rendered":"<p><strong>Notre collection de moquettes con\u00e7ue pour un usage r\u00e9sidentiel, allie exigence et \u00e9l\u00e9gance.<\/strong><\/p>\n<p>Gr\u00e2ce \u00e0 une excellente durabilit\u00e9, obtenue par la superposition de mat\u00e9riaux composites souples et rigides, elle valorise vos espaces par une parfaite harmonie entre style et fonctionnalit\u00e9.<\/p>\n<p>Polyvalente, elle se d\u00e9cline dans une large palette de motifs, de couleurs, de textures et d\u2019\u00e9paisseurs, s\u2019int\u00e9grant facilement \u00e0 diff\u00e9rents environnements pour adapter votre int\u00e9rieur \u00e0 votre style.<\/p>\n<p>Con\u00e7ue pour une installation simple, toute notre gamme est pr\u00eate \u00e0 poser : aucun travail pr\u00e9paratoire sp\u00e9cifique n\u2019est n\u00e9cessaire, et la surface peut \u00eatre utilis\u00e9e imm\u00e9diatement, sans poussi\u00e8re, odeur ou \u00e9mission de COV.<\/p>\n<p><strong>Garantie 10 ans pour un usage r\u00e9sidentiel.<\/strong><\/p>\n","protected":false},"featured_media":7756,"template":"","meta":[],"product_brand":[],"product_cat":[1269],"product_tag":[],"class_list":{"0":"post-11221","1":"product","2":"type-product","3":"status-publish","4":"has-post-thumbnail","6":"product_cat-revetements-de-sol","9":"first","10":"instock","11":"shipping-taxable","12":"product-type-simple"},"aioseo_notices":[],"_links":{"self":[{"href":"https:\/\/z-v.fr\/fr\/wp-json\/wp\/v2\/product\/11221","targetHints":{"allow":["GET"]}}],"collection":[{"href":"https:\/\/z-v.fr\/fr\/wp-json\/wp\/v2\/product"}],"about":[{"href":"https:\/\/z-v.fr\/fr\/wp-json\/wp\/v2\/types\/product"}],"wp:featuredmedia":[{"embeddable":true,"href":"https:\/\/z-v.fr\/fr\/wp-json\/wp\/v2\/media\/7756"}],"wp:attachment":[{"href":"https:\/\/z-v.fr\/fr\/wp-json\/wp\/v2\/media?parent=11221"}],"wp:term":[{"taxonomy":"product_brand","embeddable":true,"href":"https:\/\/z-v.fr\/fr\/wp-json\/wp\/v2\/product_brand?post=11221"},{"taxonomy":"product_cat","embeddable":true,"href":"https:\/\/z-v.fr\/fr\/wp-json\/wp\/v2\/product_cat?post=11221"},{"taxonomy":"product_tag","embeddable":true,"href":"https:\/\/z-v.fr\/fr\/wp-json\/wp\/v2\/product_tag?post=11221"}],"curies":[{"name":"wp","href":"https:\/\/api.w.org\/{rel}","templated":true}]}}