{"id":11220,"date":"2025-08-31T04:07:59","date_gmt":"2025-08-30T20:07:59","guid":{"rendered":"https:\/\/zv.carbonpix.com\/?post_type=product&#038;p=11220"},"modified":"2025-09-24T17:51:51","modified_gmt":"2025-09-24T09:51:51","slug":"chaise-de-bureau-serie-q","status":"publish","type":"product","link":"https:\/\/z-v.fr\/fr\/produit\/chaise-de-bureau-serie-q","title":{"rendered":"Chaise de bureau &#8211; Serie Q"},"content":{"rendered":"<p><strong>Personnalisez ce produit \u00e0 votre style gr\u00e2ce \u00e0 ces diff\u00e9rentes finitions :<\/strong><\/p>\n<ul>\n<li>Disponible en version dossier bas, standard ou haut,<\/li>\n<li>M\u00e9canisme d\u2019assise haut de gamme sign\u00e9 Bock,<\/li>\n<li>R\u00e9glages multiples pour un ajustement pr\u00e9cis \u00e0 votre morphologie,<\/li>\n<li>6 types de pi\u00e8tements et de bases au choix,<\/li>\n<li>Des centaines de coloris en cuir et tissu.<\/li>\n<\/ul>\n<div style=\"width: 100%; min-height: 1px;\" id=\"vimeo-wc-video-69d28977d0779\" data-js=\"vimeo-wc-video\" data-atts=\"{&quot;autopause&quot;:&quot;true&quot;,&quot;autoplay&quot;:false,&quot;background&quot;:false,&quot;byline&quot;:&quot;true&quot;,&quot;color&quot;:&quot;none&quot;,&quot;controls&quot;:&quot;true&quot;,&quot;dnt&quot;:&quot;true&quot;,&quot;height&quot;:&quot;none&quot;,&quot;id&quot;:false,&quot;loop&quot;:&quot;true&quot;,&quot;maxheight&quot;:&quot;none&quot;,&quot;maxwidth&quot;:&quot;none&quot;,&quot;muted&quot;:false,&quot;pip&quot;:false,&quot;playsinline&quot;:&quot;true&quot;,&quot;portrait&quot;:&quot;true&quot;,&quot;quality&quot;:&quot;auto&quot;,&quot;responsive&quot;:&quot;true&quot;,&quot;speed&quot;:false,&quot;texttrack&quot;:&quot;none&quot;,&quot;title&quot;:&quot;true&quot;,&quot;transparent&quot;:true,&quot;url&quot;:&quot;https:\\\/\\\/vimeo.com\\\/700745814&quot;,&quot;width&quot;:&quot;none&quot;}\"><\/div>\n<div id=\"simple-translate\" class=\"simple-translate-system-theme\">\n<div>\n<div class=\"simple-translate-button isShow\" style=\"background-image: url('chrome-extension:\/\/ibplnjkanclpjokhdolnendpplpjiace\/icons\/512.png'); height: 22px; width: 22px; top: 267px; left: 1431px;\"><\/div>\n<div class=\"simple-translate-panel \" style=\"width: 300px; height: 200px; top: 0px; left: 0px; font-size: 13px;\">\n<div class=\"simple-translate-result-wrapper\" style=\"overflow: hidden;\">\n<div class=\"simple-translate-move\" draggable=\"true\"><\/div>\n<div class=\"simple-translate-result-contents\">\n<p class=\"simple-translate-candidate\" dir=\"auto\">\n<\/div>\n<\/div>\n<\/div>\n<\/div>\n<\/div>\n","protected":false},"excerpt":{"rendered":"<p><strong>Laur\u00e9ate du Red Dot Award 2022, la s\u00e9rie Q associe design exclusif et technologie.<\/strong><\/p>\n<p>Dot\u00e9e d\u2019accoudoirs en aluminium et d\u2019un m\u00e9canisme d\u2019assise haut de gamme sign\u00e9 Bock, elle permet un r\u00e9glage pr\u00e9cis pour s\u2019adapter \u00e0 vos besoins sp\u00e9cifiques. La s\u00e9rie Q est le fauteuil de direction qui ne fait aucun compromis entre style et confort.<\/p>\n<p>Avec un large choix de rev\u00eatements, du tissu au cuir, chaque \u00e9l\u00e9ment peut \u00eatre s\u00e9lectionn\u00e9 pour cr\u00e9er un mod\u00e8le unique, con\u00e7u pour votre satisfaction au quotidien.<\/p>\n","protected":false},"featured_media":4688,"template":"","meta":[],"product_brand":[],"product_cat":[1270,1277],"product_tag":[],"class_list":{"0":"post-11220","1":"product","2":"type-product","3":"status-publish","4":"has-post-thumbnail","6":"product_cat-mobilier","7":"product_cat-chaise-de-bureau","10":"first","11":"instock","12":"shipping-taxable","13":"product-type-simple"},"aioseo_notices":[],"_links":{"self":[{"href":"https:\/\/z-v.fr\/fr\/wp-json\/wp\/v2\/product\/11220","targetHints":{"allow":["GET"]}}],"collection":[{"href":"https:\/\/z-v.fr\/fr\/wp-json\/wp\/v2\/product"}],"about":[{"href":"https:\/\/z-v.fr\/fr\/wp-json\/wp\/v2\/types\/product"}],"wp:featuredmedia":[{"embeddable":true,"href":"https:\/\/z-v.fr\/fr\/wp-json\/wp\/v2\/media\/4688"}],"wp:attachment":[{"href":"https:\/\/z-v.fr\/fr\/wp-json\/wp\/v2\/media?parent=11220"}],"wp:term":[{"taxonomy":"product_brand","embeddable":true,"href":"https:\/\/z-v.fr\/fr\/wp-json\/wp\/v2\/product_brand?post=11220"},{"taxonomy":"product_cat","embeddable":true,"href":"https:\/\/z-v.fr\/fr\/wp-json\/wp\/v2\/product_cat?post=11220"},{"taxonomy":"product_tag","embeddable":true,"href":"https:\/\/z-v.fr\/fr\/wp-json\/wp\/v2\/product_tag?post=11220"}],"curies":[{"name":"wp","href":"https:\/\/api.w.org\/{rel}","templated":true}]}}