{"id":11219,"date":"2025-08-31T04:07:59","date_gmt":"2025-08-30T20:07:59","guid":{"rendered":"https:\/\/zv.carbonpix.com\/?post_type=product&#038;p=11219"},"modified":"2025-09-24T17:53:37","modified_gmt":"2025-09-24T09:53:37","slug":"chaise-de-bureau-serie-p","status":"publish","type":"product","link":"https:\/\/z-v.fr\/fr\/produit\/chaise-de-bureau-serie-p","title":{"rendered":"Chaise de bureau &#8211; Serie P"},"content":{"rendered":"<p><strong>Personnalisez ce produit \u00e0 votre style gr\u00e2ce \u00e0 ces diff\u00e9rentes finitions :<\/strong><\/p>\n<ul>\n<li>Disponible en version dossier bas, standard ou haut,<\/li>\n<li>M\u00e9canisme d\u2019assise \u00e0 \u00e9quilibrage automatique sign\u00e9 Donati,<\/li>\n<li>R\u00e9glages multiples pour un ajustement pr\u00e9cis \u00e0 votre morphologie,<\/li>\n<li>6 types de pi\u00e8tements et de bases au choix,<\/li>\n<li>Des centaines de coloris en cuir et tissu.<\/li>\n<\/ul>\n<div style=\"width: 100%; min-height: 1px;\" id=\"vimeo-wc-video-69d2894bbdeb1\" data-js=\"vimeo-wc-video\" data-atts=\"{&quot;autopause&quot;:&quot;true&quot;,&quot;autoplay&quot;:false,&quot;background&quot;:false,&quot;byline&quot;:&quot;true&quot;,&quot;color&quot;:&quot;none&quot;,&quot;controls&quot;:&quot;true&quot;,&quot;dnt&quot;:&quot;true&quot;,&quot;height&quot;:&quot;none&quot;,&quot;id&quot;:false,&quot;loop&quot;:false,&quot;maxheight&quot;:&quot;none&quot;,&quot;maxwidth&quot;:&quot;none&quot;,&quot;muted&quot;:false,&quot;pip&quot;:&quot;true&quot;,&quot;playsinline&quot;:&quot;true&quot;,&quot;portrait&quot;:&quot;true&quot;,&quot;quality&quot;:&quot;auto&quot;,&quot;responsive&quot;:&quot;true&quot;,&quot;speed&quot;:&quot;true&quot;,&quot;texttrack&quot;:&quot;none&quot;,&quot;title&quot;:&quot;true&quot;,&quot;transparent&quot;:true,&quot;url&quot;:&quot;https:\\\/\\\/vimeo.com\\\/700735863&quot;,&quot;width&quot;:&quot;none&quot;}\"><\/div>\n<div id=\"simple-translate\" class=\"simple-translate-system-theme\">\n<div>\n<div class=\"simple-translate-button isShow\" style=\"background-image: url('chrome-extension:\/\/ibplnjkanclpjokhdolnendpplpjiace\/icons\/512.png'); height: 22px; width: 22px; top: 223px; left: -3px;\"><\/div>\n<div class=\"simple-translate-panel \" style=\"width: 300px; height: 200px; top: 0px; left: 0px; font-size: 13px;\">\n<div class=\"simple-translate-result-wrapper\" style=\"overflow: hidden;\">\n<div class=\"simple-translate-move\" draggable=\"true\"><\/div>\n<div class=\"simple-translate-result-contents\">\n<p class=\"simple-translate-candidate\" dir=\"auto\">\n<\/div>\n<\/div>\n<\/div>\n<\/div>\n<\/div>\n","protected":false},"excerpt":{"rendered":"<p><strong>La s\u00e9rie P est pens\u00e9e pour s\u2019adapter \u00e0 vos besoins de modularit\u00e9, en offrant un large \u00e9ventail de combinaisons. Gr\u00e2ce \u00e0 son style de dossier unique, elle permet d\u2019am\u00e9nager vos espaces de mani\u00e8re coh\u00e9rente, en conservant une esth\u00e9tique homog\u00e8ne dans chaque pi\u00e8ce. <\/strong><\/p>\n<p>\u00c9quip\u00e9e du dernier m\u00e9canisme d\u2019assise de chez Donati, d\u2019accoudoirs 4D, d\u2019un dossier ouvert ou ferm\u00e9, de plusieurs types de pi\u00e8tements et d\u2019un large choix de rev\u00eatements, elle vous permet de cr\u00e9er le mod\u00e8le qui correspond exactement \u00e0 vos attentes, pour renforcer votre confort et l\u2019identit\u00e9 de votre marque.<\/p>\n<p>&nbsp;<\/p>\n","protected":false},"featured_media":4657,"template":"","meta":[],"product_brand":[],"product_cat":[1270,1277],"product_tag":[],"class_list":{"0":"post-11219","1":"product","2":"type-product","3":"status-publish","4":"has-post-thumbnail","6":"product_cat-mobilier","7":"product_cat-chaise-de-bureau","10":"first","11":"instock","12":"shipping-taxable","13":"product-type-simple"},"aioseo_notices":[],"_links":{"self":[{"href":"https:\/\/z-v.fr\/fr\/wp-json\/wp\/v2\/product\/11219","targetHints":{"allow":["GET"]}}],"collection":[{"href":"https:\/\/z-v.fr\/fr\/wp-json\/wp\/v2\/product"}],"about":[{"href":"https:\/\/z-v.fr\/fr\/wp-json\/wp\/v2\/types\/product"}],"wp:featuredmedia":[{"embeddable":true,"href":"https:\/\/z-v.fr\/fr\/wp-json\/wp\/v2\/media\/4657"}],"wp:attachment":[{"href":"https:\/\/z-v.fr\/fr\/wp-json\/wp\/v2\/media?parent=11219"}],"wp:term":[{"taxonomy":"product_brand","embeddable":true,"href":"https:\/\/z-v.fr\/fr\/wp-json\/wp\/v2\/product_brand?post=11219"},{"taxonomy":"product_cat","embeddable":true,"href":"https:\/\/z-v.fr\/fr\/wp-json\/wp\/v2\/product_cat?post=11219"},{"taxonomy":"product_tag","embeddable":true,"href":"https:\/\/z-v.fr\/fr\/wp-json\/wp\/v2\/product_tag?post=11219"}],"curies":[{"name":"wp","href":"https:\/\/api.w.org\/{rel}","templated":true}]}}