{"id":11218,"date":"2025-08-31T04:07:59","date_gmt":"2025-08-30T20:07:59","guid":{"rendered":"https:\/\/zv.carbonpix.com\/?post_type=product&#038;p=11218"},"modified":"2025-09-24T14:04:11","modified_gmt":"2025-09-24T06:04:11","slug":"chaise-de-bureau-serie-m-360d","status":"publish","type":"product","link":"https:\/\/z-v.fr\/fr\/produit\/chaise-de-bureau-serie-m-360d","title":{"rendered":"Chaise de bureau &#8211; Serie M &#8211; 360D"},"content":{"rendered":"<p><strong>Personnalisez-la \u00e0 votre style gr\u00e2ce \u00e0 ces diff\u00e9rentes finitions :<\/strong><\/p>\n<ul>\n<li>6 configurations d\u2019assise disponibles,<\/li>\n<li>3 types de pi\u00e8tements et de bases au choix,<\/li>\n<li>Plusieurs coloris pour la structure,<\/li>\n<li>Des centaines de teintes de r\u00e9sille.<\/li>\n<\/ul>\n","protected":false},"excerpt":{"rendered":"<p><strong>La s\u00e9rie M, au style r\u00e9solument moderne, est une alliance unique entre design et technologie. Gr\u00e2ce \u00e0 sa plateforme d\u2019assise adaptative \u00e0 360 degr\u00e9s, la chaise suit automatiquement et instantan\u00e9ment vos mouvements, s\u2019ajustant en permanence \u00e0 votre posture. <\/strong><\/p>\n<p>Niveau, \u00e9quilibre, largeur et orientation peuvent \u00eatre r\u00e9gl\u00e9s avec pr\u00e9cision pour offrir une exp\u00e9rience d\u2019assise optimale.<\/p>\n<p>Fabriqu\u00e9e avec un fil chenille import\u00e9 d\u2019Italie, \u00e9quip\u00e9e du m\u00e9canisme auto-\u00e9quilibrant DONATI et d\u2019un v\u00e9rin \u00e0 gaz KS, cette chaise de travail haut de gamme int\u00e8gre les derni\u00e8res technologies et fait partie des mod\u00e8les les plus fiables et confortables du march\u00e9.<\/p>\n<p>&nbsp;<\/p>\n","protected":false},"featured_media":4401,"template":"","meta":[],"product_brand":[],"product_cat":[1270,1277],"product_tag":[],"class_list":{"0":"post-11218","1":"product","2":"type-product","3":"status-publish","4":"has-post-thumbnail","6":"product_cat-mobilier","7":"product_cat-chaise-de-bureau","10":"first","11":"instock","12":"shipping-taxable","13":"product-type-simple"},"aioseo_notices":[],"_links":{"self":[{"href":"https:\/\/z-v.fr\/fr\/wp-json\/wp\/v2\/product\/11218","targetHints":{"allow":["GET"]}}],"collection":[{"href":"https:\/\/z-v.fr\/fr\/wp-json\/wp\/v2\/product"}],"about":[{"href":"https:\/\/z-v.fr\/fr\/wp-json\/wp\/v2\/types\/product"}],"wp:featuredmedia":[{"embeddable":true,"href":"https:\/\/z-v.fr\/fr\/wp-json\/wp\/v2\/media\/4401"}],"wp:attachment":[{"href":"https:\/\/z-v.fr\/fr\/wp-json\/wp\/v2\/media?parent=11218"}],"wp:term":[{"taxonomy":"product_brand","embeddable":true,"href":"https:\/\/z-v.fr\/fr\/wp-json\/wp\/v2\/product_brand?post=11218"},{"taxonomy":"product_cat","embeddable":true,"href":"https:\/\/z-v.fr\/fr\/wp-json\/wp\/v2\/product_cat?post=11218"},{"taxonomy":"product_tag","embeddable":true,"href":"https:\/\/z-v.fr\/fr\/wp-json\/wp\/v2\/product_tag?post=11218"}],"curies":[{"name":"wp","href":"https:\/\/api.w.org\/{rel}","templated":true}]}}