{"id":11217,"date":"2025-08-31T04:07:58","date_gmt":"2025-08-30T20:07:58","guid":{"rendered":"https:\/\/zv.carbonpix.com\/?post_type=product&#038;p=11217"},"modified":"2025-09-24T14:01:13","modified_gmt":"2025-09-24T06:01:13","slug":"chaise-de-bureau-serie-k","status":"publish","type":"product","link":"https:\/\/z-v.fr\/fr\/produit\/chaise-de-bureau-serie-k","title":{"rendered":"Chaise de bureau &#8211; S\u00e9rie K"},"content":{"rendered":"<p><strong>Personnalisez-la \u00e0 votre style gr\u00e2ce \u00e0 ces diff\u00e9rentes finitions :<\/strong><\/p>\n<ul>\n<li>M\u00e9canisme \u00e0 d\u00e9tection de poids,<\/li>\n<li>Poign\u00e9e dissimul\u00e9e pour un r\u00e9glage personnalis\u00e9,<\/li>\n<li>Deux coloris pour le dossier, le pi\u00e8tement et les accoudoirs en nylon R350 : ivoire et noir,<\/li>\n<li>Deux types de pi\u00e8tements : aluminium et nylon R350,<\/li>\n<li>8 teintes de r\u00e9sille disponibles,<\/li>\n<li>Roulettes de 60 mm.<\/li>\n<\/ul>\n","protected":false},"excerpt":{"rendered":"<p><strong>La s\u00e9rie K propose un design tout en courbes tr\u00e8s \u00e9l\u00e9gant. Utilisant le dernier syst\u00e8me ergonomique, son m\u00e9canisme activ\u00e9 par le poids procure une agr\u00e9able sensation de flottement qui s\u2019adapte imm\u00e9diatement \u00e0 votre posture. <\/strong><\/p>\n<p>Le niveau, l\u2019\u00e9quilibre, la profondeur et l\u2019orientation peuvent \u00eatre r\u00e9gl\u00e9s avec pr\u00e9cision pour offrir l\u2019exp\u00e9rience la plus confortable.<\/p>\n<p>Reddot Winner Award 2019, fabriqu\u00e9 avec un fil chenille durable, 2 couleurs de nylon diff\u00e9rentes et du mat\u00e9riel de qualit\u00e9 commerciale, Serie K combine esth\u00e9tique et robustesse pour devenir la chaise de travail dont vous avez besoin pour travailler agr\u00e9ablement.<\/p>\n","protected":false},"featured_media":4148,"template":"","meta":[],"product_brand":[],"product_cat":[1270,1277],"product_tag":[],"class_list":{"0":"post-11217","1":"product","2":"type-product","3":"status-publish","4":"has-post-thumbnail","6":"product_cat-mobilier","7":"product_cat-chaise-de-bureau","10":"first","11":"instock","12":"shipping-taxable","13":"product-type-simple"},"aioseo_notices":[],"_links":{"self":[{"href":"https:\/\/z-v.fr\/fr\/wp-json\/wp\/v2\/product\/11217","targetHints":{"allow":["GET"]}}],"collection":[{"href":"https:\/\/z-v.fr\/fr\/wp-json\/wp\/v2\/product"}],"about":[{"href":"https:\/\/z-v.fr\/fr\/wp-json\/wp\/v2\/types\/product"}],"wp:featuredmedia":[{"embeddable":true,"href":"https:\/\/z-v.fr\/fr\/wp-json\/wp\/v2\/media\/4148"}],"wp:attachment":[{"href":"https:\/\/z-v.fr\/fr\/wp-json\/wp\/v2\/media?parent=11217"}],"wp:term":[{"taxonomy":"product_brand","embeddable":true,"href":"https:\/\/z-v.fr\/fr\/wp-json\/wp\/v2\/product_brand?post=11217"},{"taxonomy":"product_cat","embeddable":true,"href":"https:\/\/z-v.fr\/fr\/wp-json\/wp\/v2\/product_cat?post=11217"},{"taxonomy":"product_tag","embeddable":true,"href":"https:\/\/z-v.fr\/fr\/wp-json\/wp\/v2\/product_tag?post=11217"}],"curies":[{"name":"wp","href":"https:\/\/api.w.org\/{rel}","templated":true}]}}