{"id":11216,"date":"2025-08-31T04:07:36","date_gmt":"2025-08-30T20:07:36","guid":{"rendered":"https:\/\/zv.carbonpix.com\/?post_type=product&#038;p=11216"},"modified":"2025-09-19T14:15:55","modified_gmt":"2025-09-19T06:15:55","slug":"chaise-de-bureau-serie-f-dossier-bas","status":"publish","type":"product","link":"https:\/\/z-v.fr\/fr\/produit\/chaise-de-bureau-serie-f-dossier-bas","title":{"rendered":"Chaise de bureau &#8211; S\u00e9rie F &#8211; Dossier bas"},"content":{"rendered":"<p><strong>Personnalisez-le \u00e0 votre style gr\u00e2ce \u00e0 ces diff\u00e9rentes finitions :<\/strong><\/p>\n<ul>\n<li>Des centaines de couleurs diff\u00e9rentes de cuirs et de tissus,<\/li>\n<li>Parties arri\u00e8re et lat\u00e9rales en noir ou gris,<\/li>\n<li>Pi\u00e8tement en aluminium coul\u00e9 finition argent\u00e9e.<\/li>\n<\/ul>\n","protected":false},"excerpt":{"rendered":"<p><strong>La S\u00e9rie F, inspir\u00e9e de l\u2019industrie de la course automobile de luxe, cr\u00e9e imm\u00e9diatement une atmosph\u00e8re haut de gamme dans vos bureaux.<\/strong><\/p>\n<p>Fabriqu\u00e9 avec des mat\u00e9riaux durables et de haute qualit\u00e9, une base d\u2019assise 3D et des pieds en aluminium, sa forme s\u2019adapte \u00e0 votre corps et offre cette sensation de confort supr\u00eame.<\/p>\n","protected":false},"featured_media":3784,"template":"","meta":[],"product_brand":[],"product_cat":[1270,1277],"product_tag":[],"class_list":{"0":"post-11216","1":"product","2":"type-product","3":"status-publish","4":"has-post-thumbnail","6":"product_cat-mobilier","7":"product_cat-chaise-de-bureau","10":"first","11":"instock","12":"shipping-taxable","13":"product-type-simple"},"aioseo_notices":[],"_links":{"self":[{"href":"https:\/\/z-v.fr\/fr\/wp-json\/wp\/v2\/product\/11216","targetHints":{"allow":["GET"]}}],"collection":[{"href":"https:\/\/z-v.fr\/fr\/wp-json\/wp\/v2\/product"}],"about":[{"href":"https:\/\/z-v.fr\/fr\/wp-json\/wp\/v2\/types\/product"}],"wp:featuredmedia":[{"embeddable":true,"href":"https:\/\/z-v.fr\/fr\/wp-json\/wp\/v2\/media\/3784"}],"wp:attachment":[{"href":"https:\/\/z-v.fr\/fr\/wp-json\/wp\/v2\/media?parent=11216"}],"wp:term":[{"taxonomy":"product_brand","embeddable":true,"href":"https:\/\/z-v.fr\/fr\/wp-json\/wp\/v2\/product_brand?post=11216"},{"taxonomy":"product_cat","embeddable":true,"href":"https:\/\/z-v.fr\/fr\/wp-json\/wp\/v2\/product_cat?post=11216"},{"taxonomy":"product_tag","embeddable":true,"href":"https:\/\/z-v.fr\/fr\/wp-json\/wp\/v2\/product_tag?post=11216"}],"curies":[{"name":"wp","href":"https:\/\/api.w.org\/{rel}","templated":true}]}}