{"id":11215,"date":"2025-08-31T04:07:36","date_gmt":"2025-08-30T20:07:36","guid":{"rendered":"https:\/\/zv.carbonpix.com\/?post_type=product&#038;p=11215"},"modified":"2025-09-24T13:54:17","modified_gmt":"2025-09-24T05:54:17","slug":"chaise-de-bureau-serie-j-360d","status":"publish","type":"product","link":"https:\/\/z-v.fr\/fr\/produit\/chaise-de-bureau-serie-j-360d","title":{"rendered":"Chaise de bureau &#8211; Serie J &#8211; 360D"},"content":{"rendered":"<p><strong>Personnalisez-le \u00e0 votre style gr\u00e2ce \u00e0 ces diff\u00e9rentes finitions :<\/strong><\/p>\n<ul>\n<li>6 configurations d\u2019assise disponibles,<\/li>\n<li>3 types de pi\u00e8tements et de bases au choix,<\/li>\n<li>Plusieurs coloris pour la structure,<\/li>\n<li>Des centaines de teintes de r\u00e9sille.<\/li>\n<\/ul>\n","protected":false},"excerpt":{"rendered":"<p><strong>La s\u00e9rie J est unique avec sa plate-forme d\u2019assise adaptative \u00e0 360 degr\u00e9s, permettant \u00e0 votre chaise de s&rsquo;adapter automatiquement et instantan\u00e9ment \u00e0 la position de votre corps. <\/strong><\/p>\n<p>Vous pouvez ajuster, en fonction de votre ergonomie, le coussin d\u2019assise et l\u2019accoudoir ainsi que le dossier de la chaise. Le niveau, l\u2019\u00e9quilibre, la largeur et l\u2019orientation peuvent \u00eatre r\u00e9gl\u00e9s avec pr\u00e9cision pour offrir l\u2019exp\u00e9rience la plus confortable.<\/p>\n<p>Tiss\u00e9e en fil chenille import\u00e9 d\u2019Italie, \u00e9quip\u00e9e du m\u00e9canisme d\u2019auto-\u00e9quilibrage italien DONATI et d\u2019un v\u00e9rin \u00e0 gaz KS, cette chaise de bureau haut de gamme est con\u00e7ue avec les derni\u00e8res technologies et les composants les plus fiables du march\u00e9.<\/p>\n<p>&nbsp;<\/p>\n","protected":false},"featured_media":4040,"template":"","meta":[],"product_brand":[],"product_cat":[1270,1277],"product_tag":[],"class_list":{"0":"post-11215","1":"product","2":"type-product","3":"status-publish","4":"has-post-thumbnail","6":"product_cat-mobilier","7":"product_cat-chaise-de-bureau","10":"first","11":"instock","12":"shipping-taxable","13":"product-type-simple"},"aioseo_notices":[],"_links":{"self":[{"href":"https:\/\/z-v.fr\/fr\/wp-json\/wp\/v2\/product\/11215","targetHints":{"allow":["GET"]}}],"collection":[{"href":"https:\/\/z-v.fr\/fr\/wp-json\/wp\/v2\/product"}],"about":[{"href":"https:\/\/z-v.fr\/fr\/wp-json\/wp\/v2\/types\/product"}],"wp:featuredmedia":[{"embeddable":true,"href":"https:\/\/z-v.fr\/fr\/wp-json\/wp\/v2\/media\/4040"}],"wp:attachment":[{"href":"https:\/\/z-v.fr\/fr\/wp-json\/wp\/v2\/media?parent=11215"}],"wp:term":[{"taxonomy":"product_brand","embeddable":true,"href":"https:\/\/z-v.fr\/fr\/wp-json\/wp\/v2\/product_brand?post=11215"},{"taxonomy":"product_cat","embeddable":true,"href":"https:\/\/z-v.fr\/fr\/wp-json\/wp\/v2\/product_cat?post=11215"},{"taxonomy":"product_tag","embeddable":true,"href":"https:\/\/z-v.fr\/fr\/wp-json\/wp\/v2\/product_tag?post=11215"}],"curies":[{"name":"wp","href":"https:\/\/api.w.org\/{rel}","templated":true}]}}