{"id":11214,"date":"2025-08-31T04:07:59","date_gmt":"2025-08-30T20:07:59","guid":{"rendered":"https:\/\/zv.carbonpix.com\/?post_type=product&#038;p=11214"},"modified":"2025-09-24T14:04:52","modified_gmt":"2025-09-24T06:04:52","slug":"chaise-de-bureau-serie-n","status":"publish","type":"product","link":"https:\/\/z-v.fr\/fr\/produit\/chaise-de-bureau-serie-n","title":{"rendered":"Chaise de bureau &#8211; Serie N"},"content":{"rendered":"<p><strong>Personnalisez ce produit \u00e0 votre style gr\u00e2ce \u00e0 ces diff\u00e9rentes finitions :<\/strong><\/p>\n<ul>\n<li>6 configurations d\u2019assise disponibles,<\/li>\n<li>4 types de pi\u00e8tements et de bases au choix,<\/li>\n<li>Des centaines de coloris en tissu, PU et cuir.<\/li>\n<\/ul>\n<div style=\"width: 100%; min-height: 1px;\" id=\"vimeo-wc-video-6a073a406d455\" data-js=\"vimeo-wc-video\" data-atts=\"{&quot;autopause&quot;:&quot;true&quot;,&quot;autoplay&quot;:&quot;true&quot;,&quot;background&quot;:false,&quot;byline&quot;:&quot;false&quot;,&quot;color&quot;:&quot;none&quot;,&quot;controls&quot;:&quot;true&quot;,&quot;dnt&quot;:&quot;true&quot;,&quot;height&quot;:&quot;none&quot;,&quot;id&quot;:false,&quot;loop&quot;:&quot;true&quot;,&quot;maxheight&quot;:&quot;none&quot;,&quot;maxwidth&quot;:&quot;none&quot;,&quot;muted&quot;:false,&quot;pip&quot;:false,&quot;playsinline&quot;:&quot;true&quot;,&quot;portrait&quot;:&quot;false&quot;,&quot;quality&quot;:&quot;auto&quot;,&quot;responsive&quot;:false,&quot;speed&quot;:false,&quot;texttrack&quot;:&quot;none&quot;,&quot;title&quot;:&quot;faux&quot;,&quot;transparent&quot;:true,&quot;url&quot;:&quot;https:\\\/\\\/vimeo.com\\\/700717224&quot;,&quot;width&quot;:&quot;none&quot;}\"><\/div>\n","protected":false},"excerpt":{"rendered":"<p><strong>La s\u00e9rie N, avec son pi\u00e8tement en arche, affiche un design futuriste unique. Sa plateforme d\u2019assise adaptative, combinant r\u00e9glages en hauteur et inclinaison, s\u2019ajuste parfaitement \u00e0 vos besoins de confort.<\/strong><\/p>\n<p>Elle allie fonctionnalit\u00e9 et esth\u00e9tique pour offrir une exp\u00e9rience d\u2019assise des plus confortables.<\/p>\n<p>Fabriqu\u00e9e avec un fil chenille premium, du PU ou du cuir, avec un dossier ouvert ou ferm\u00e9, et \u00e9quip\u00e9e de pieds en nylon ou en aluminium, cette chaise de bureau est la solution id\u00e9ale pour am\u00e9nager votre espace en alliant ma\u00eetrise des co\u00fbts et \u00e9l\u00e9gance.<\/p>\n","protected":false},"featured_media":4633,"template":"","meta":[],"product_brand":[],"product_cat":[1277,1270],"product_tag":[],"class_list":{"0":"post-11214","1":"product","2":"type-product","3":"status-publish","4":"has-post-thumbnail","6":"product_cat-chaise-de-bureau","7":"product_cat-mobilier","10":"first","11":"instock","12":"shipping-taxable","13":"product-type-simple"},"aioseo_notices":[],"_links":{"self":[{"href":"https:\/\/z-v.fr\/fr\/wp-json\/wp\/v2\/product\/11214","targetHints":{"allow":["GET"]}}],"collection":[{"href":"https:\/\/z-v.fr\/fr\/wp-json\/wp\/v2\/product"}],"about":[{"href":"https:\/\/z-v.fr\/fr\/wp-json\/wp\/v2\/types\/product"}],"wp:featuredmedia":[{"embeddable":true,"href":"https:\/\/z-v.fr\/fr\/wp-json\/wp\/v2\/media\/4633"}],"wp:attachment":[{"href":"https:\/\/z-v.fr\/fr\/wp-json\/wp\/v2\/media?parent=11214"}],"wp:term":[{"taxonomy":"product_brand","embeddable":true,"href":"https:\/\/z-v.fr\/fr\/wp-json\/wp\/v2\/product_brand?post=11214"},{"taxonomy":"product_cat","embeddable":true,"href":"https:\/\/z-v.fr\/fr\/wp-json\/wp\/v2\/product_cat?post=11214"},{"taxonomy":"product_tag","embeddable":true,"href":"https:\/\/z-v.fr\/fr\/wp-json\/wp\/v2\/product_tag?post=11214"}],"curies":[{"name":"wp","href":"https:\/\/api.w.org\/{rel}","templated":true}]}}