{"id":11213,"date":"2025-08-31T04:07:59","date_gmt":"2025-08-30T20:07:59","guid":{"rendered":"https:\/\/zv.carbonpix.com\/?post_type=product&#038;p=11213"},"modified":"2025-09-24T14:20:48","modified_gmt":"2025-09-24T06:20:48","slug":"chaise-de-bureau-serie-o","status":"publish","type":"product","link":"https:\/\/z-v.fr\/fr\/produit\/chaise-de-bureau-serie-o","title":{"rendered":"Chaise de bureau &#8211; Serie O"},"content":{"rendered":"<p><strong>Personnalisez-le \u00e0 votre style gr\u00e2ce \u00e0 ces diff\u00e9rentes finitions :<\/strong><\/p>\n<ul>\n<li>Disponible en dossier standard ou haut,<\/li>\n<li>4 types de pi\u00e8tements et de bases au choix,<\/li>\n<li>Des centaines de coloris en cuir et tissu.<\/li>\n<\/ul>\n<div style=\"width: 100%; min-height: 1px;\" id=\"vimeo-wc-video-69d75d76ef789\" data-js=\"vimeo-wc-video\" data-atts=\"{&quot;autopause&quot;:&quot;true&quot;,&quot;autoplay&quot;:false,&quot;background&quot;:false,&quot;byline&quot;:&quot;true&quot;,&quot;color&quot;:&quot;none&quot;,&quot;controls&quot;:&quot;true&quot;,&quot;dnt&quot;:&quot;true&quot;,&quot;height&quot;:&quot;none&quot;,&quot;id&quot;:false,&quot;loop&quot;:false,&quot;maxheight&quot;:&quot;none&quot;,&quot;maxwidth&quot;:&quot;none&quot;,&quot;muted&quot;:false,&quot;pip&quot;:false,&quot;playsinline&quot;:&quot;true&quot;,&quot;portrait&quot;:&quot;true&quot;,&quot;quality&quot;:&quot;auto&quot;,&quot;responsive&quot;:&quot;true&quot;,&quot;speed&quot;:false,&quot;texttrack&quot;:&quot;none&quot;,&quot;title&quot;:&quot;true&quot;,&quot;transparent&quot;:true,&quot;url&quot;:&quot;https:\\\/\\\/vimeo.com\\\/700717260&quot;,&quot;width&quot;:&quot;none&quot;}\"><\/div>\n<div id=\"simple-translate\" class=\"simple-translate-system-theme\">\n<div>\n<div class=\"simple-translate-button isShow\" style=\"background-image: url('chrome-extension:\/\/ibplnjkanclpjokhdolnendpplpjiace\/icons\/512.png'); height: 22px; width: 22px; top: 193px; left: 1400px;\"><\/div>\n<div class=\"simple-translate-panel \" style=\"width: 300px; height: 200px; top: 0px; left: 0px; font-size: 13px;\">\n<div class=\"simple-translate-result-wrapper\" style=\"overflow: hidden;\">\n<div class=\"simple-translate-move\" draggable=\"true\"><\/div>\n<div class=\"simple-translate-result-contents\">\n<p class=\"simple-translate-result\" dir=\"auto\">\n<p class=\"simple-translate-candidate\" dir=\"auto\">\n<\/div>\n<\/div>\n<\/div>\n<\/div>\n<\/div>\n","protected":false},"excerpt":{"rendered":"<p><strong>Laur\u00e9ate du German Design Award 2022, la s\u00e9rie O a \u00e9t\u00e9 sp\u00e9cialement cr\u00e9\u00e9e pour les bureaux de direction.<\/strong><\/p>\n<p>D\u00e9velopp\u00e9e en collaboration avec l\u2019\u00e9quipe allemande ITO, sa courbe unique \u00e9pouse naturellement les formes du corps. \u00c9quip\u00e9e du dernier m\u00e9canisme BOCK, elle propose de multiples r\u00e9glages pour un confort optimal, soutenu par des mat\u00e9riaux haut de gamme.<\/p>\n<p>Avec un choix de cuirs et tissus premium, une structure moul\u00e9e en 3D et plusieurs options de pi\u00e8tement, vous pouvez personnaliser sa finition pour refl\u00e9ter votre style et l\u2019image de votre marque.<\/p>\n","protected":false},"featured_media":4617,"template":"","meta":[],"product_brand":[],"product_cat":[1270,1277],"product_tag":[],"class_list":{"0":"post-11213","1":"product","2":"type-product","3":"status-publish","4":"has-post-thumbnail","6":"product_cat-mobilier","7":"product_cat-chaise-de-bureau","10":"first","11":"instock","12":"shipping-taxable","13":"product-type-simple"},"aioseo_notices":[],"_links":{"self":[{"href":"https:\/\/z-v.fr\/fr\/wp-json\/wp\/v2\/product\/11213","targetHints":{"allow":["GET"]}}],"collection":[{"href":"https:\/\/z-v.fr\/fr\/wp-json\/wp\/v2\/product"}],"about":[{"href":"https:\/\/z-v.fr\/fr\/wp-json\/wp\/v2\/types\/product"}],"wp:featuredmedia":[{"embeddable":true,"href":"https:\/\/z-v.fr\/fr\/wp-json\/wp\/v2\/media\/4617"}],"wp:attachment":[{"href":"https:\/\/z-v.fr\/fr\/wp-json\/wp\/v2\/media?parent=11213"}],"wp:term":[{"taxonomy":"product_brand","embeddable":true,"href":"https:\/\/z-v.fr\/fr\/wp-json\/wp\/v2\/product_brand?post=11213"},{"taxonomy":"product_cat","embeddable":true,"href":"https:\/\/z-v.fr\/fr\/wp-json\/wp\/v2\/product_cat?post=11213"},{"taxonomy":"product_tag","embeddable":true,"href":"https:\/\/z-v.fr\/fr\/wp-json\/wp\/v2\/product_tag?post=11213"}],"curies":[{"name":"wp","href":"https:\/\/api.w.org\/{rel}","templated":true}]}}