{"id":11212,"date":"2025-08-31T04:07:59","date_gmt":"2025-08-30T20:07:59","guid":{"rendered":"https:\/\/zv.carbonpix.com\/?post_type=product&#038;p=11212"},"modified":"2025-09-24T14:02:17","modified_gmt":"2025-09-24T06:02:17","slug":"chaise-de-bureau-serie-l","status":"publish","type":"product","link":"https:\/\/z-v.fr\/fr\/produit\/chaise-de-bureau-serie-l","title":{"rendered":"Chaise de bureau &#8211; S\u00e9rie L"},"content":{"rendered":"<p><strong>Personnalisez-la \u00e0 votre style gr\u00e2ce \u00e0 ces diff\u00e9rentes finitions :<\/strong><\/p>\n<ul>\n<li>M\u00e9canisme \u00e0 d\u00e9tection de poids,<\/li>\n<li>Coussin d\u2019assise moul\u00e9,<\/li>\n<li>Deux types de pi\u00e8tements et de dossiers : aluminium et nylon R350,<\/li>\n<li>Accoudoirs 3D r\u00e9glables avec patins en PU,<\/li>\n<li>Plusieurs coloris disponibles en PU, tissu et r\u00e9sille,<\/li>\n<li>Roulettes de 60 mm.<\/li>\n<\/ul>\n","protected":false},"excerpt":{"rendered":"<p><strong>Cette S\u00e9rie L est une chaise de bureau classique dot\u00e9e du dernier syst\u00e8me ergonomique. Son m\u00e9canisme activ\u00e9 par le poids procure une agr\u00e9able sensation de flottement qui s\u2019adapte imm\u00e9diatement \u00e0 votre posture. <\/strong><\/p>\n<p>Le niveau, l\u2019\u00e9quilibre, la profondeur et l\u2019orientation peuvent \u00eatre r\u00e9gl\u00e9s avec pr\u00e9cision pour offrir l\u2019exp\u00e9rience la plus confortable.<\/p>\n<p>Fabriqu\u00e9e avec des mati\u00e8res textiles r\u00e9sistantes, des pi\u00e8ces m\u00e9caniques pour usage commercial, un choix de dos et de base en aluminium ou en nylon, et propos\u00e9e \u00e0 un tarif accessible, la s\u00e9rie L est un choix d&rsquo;\u00e9vidence, alliant classicisme et confort.<\/p>\n","protected":false},"featured_media":4161,"template":"","meta":[],"product_brand":[],"product_cat":[1270,1277],"product_tag":[],"class_list":{"0":"post-11212","1":"product","2":"type-product","3":"status-publish","4":"has-post-thumbnail","6":"product_cat-mobilier","7":"product_cat-chaise-de-bureau","10":"first","11":"instock","12":"shipping-taxable","13":"product-type-simple"},"aioseo_notices":[],"_links":{"self":[{"href":"https:\/\/z-v.fr\/fr\/wp-json\/wp\/v2\/product\/11212","targetHints":{"allow":["GET"]}}],"collection":[{"href":"https:\/\/z-v.fr\/fr\/wp-json\/wp\/v2\/product"}],"about":[{"href":"https:\/\/z-v.fr\/fr\/wp-json\/wp\/v2\/types\/product"}],"wp:featuredmedia":[{"embeddable":true,"href":"https:\/\/z-v.fr\/fr\/wp-json\/wp\/v2\/media\/4161"}],"wp:attachment":[{"href":"https:\/\/z-v.fr\/fr\/wp-json\/wp\/v2\/media?parent=11212"}],"wp:term":[{"taxonomy":"product_brand","embeddable":true,"href":"https:\/\/z-v.fr\/fr\/wp-json\/wp\/v2\/product_brand?post=11212"},{"taxonomy":"product_cat","embeddable":true,"href":"https:\/\/z-v.fr\/fr\/wp-json\/wp\/v2\/product_cat?post=11212"},{"taxonomy":"product_tag","embeddable":true,"href":"https:\/\/z-v.fr\/fr\/wp-json\/wp\/v2\/product_tag?post=11212"}],"curies":[{"name":"wp","href":"https:\/\/api.w.org\/{rel}","templated":true}]}}