{"id":11211,"date":"2025-08-31T04:08:00","date_gmt":"2025-08-30T20:08:00","guid":{"rendered":"https:\/\/zv.carbonpix.com\/?post_type=product&#038;p=11211"},"modified":"2025-09-24T17:51:08","modified_gmt":"2025-09-24T09:51:08","slug":"chaise-de-bureau-serie-r","status":"publish","type":"product","link":"https:\/\/z-v.fr\/fr\/produit\/chaise-de-bureau-serie-r","title":{"rendered":"Chaise de Bureau &#8211; S\u00e9rie R"},"content":{"rendered":"<p><strong>Adaptez ce produit \u00e0 votre style gr\u00e2ce \u00e0 ces multiples finitions :<\/strong><\/p>\n<ul>\n<li>Disponible en version dossier bas, standard ou haut,<\/li>\n<li>M\u00e9canisme d\u2019assise standard ou haut de gamme,<\/li>\n<li>R\u00e9glages multiples pour un ajustement pr\u00e9cis \u00e0 votre morphologie,<\/li>\n<li>6 types de pi\u00e8tements et de bases au choix,<\/li>\n<li>Des centaines de coloris en cuir et tissu.<\/li>\n<\/ul>\n","protected":false},"excerpt":{"rendered":"<p data-source-line=\"5-5\"><strong>V\u00e9ritable ic\u00f4ne du design du XX\u1d49 si\u00e8cle, la s\u00e9rie R s&rsquo;impose comme une r\u00e9f\u00e9rence intemporelle, sublimant chaque \u00e9poque de son \u00e9l\u00e9gance inalt\u00e9rable.<\/strong><\/p>\n<p data-source-line=\"7-7\">Habill\u00e9e de cuir noble, de polyur\u00e9thane ou de tissus d&rsquo;exception, elle d\u00e9livre une exp\u00e9rience d&rsquo;assise remarquable, alliant confort optimal et sensation d&rsquo;apesanteur unique.<\/p>\n<p data-source-line=\"9-9\">\u00c9quip\u00e9e d&rsquo;accoudoirs en chrome poli ou aluminium bross\u00e9, d&rsquo;une m\u00e9canique d&rsquo;assise haute pr\u00e9cision offrant un ajustement personnalis\u00e9, et disponible avec une s\u00e9lection raffin\u00e9e de pi\u00e8tements, la s\u00e9rie R transforme votre environnement professionnel en espace d&rsquo;exception, fid\u00e8le \u00e0 l&rsquo;esprit du modernisme classique.<\/p>\n","protected":false},"featured_media":5639,"template":"","meta":[],"product_brand":[],"product_cat":[1270,1277],"product_tag":[],"class_list":{"0":"post-11211","1":"product","2":"type-product","3":"status-publish","4":"has-post-thumbnail","6":"product_cat-mobilier","7":"product_cat-chaise-de-bureau","10":"first","11":"instock","12":"featured","13":"shipping-taxable","14":"product-type-simple"},"aioseo_notices":[],"_links":{"self":[{"href":"https:\/\/z-v.fr\/fr\/wp-json\/wp\/v2\/product\/11211","targetHints":{"allow":["GET"]}}],"collection":[{"href":"https:\/\/z-v.fr\/fr\/wp-json\/wp\/v2\/product"}],"about":[{"href":"https:\/\/z-v.fr\/fr\/wp-json\/wp\/v2\/types\/product"}],"wp:featuredmedia":[{"embeddable":true,"href":"https:\/\/z-v.fr\/fr\/wp-json\/wp\/v2\/media\/5639"}],"wp:attachment":[{"href":"https:\/\/z-v.fr\/fr\/wp-json\/wp\/v2\/media?parent=11211"}],"wp:term":[{"taxonomy":"product_brand","embeddable":true,"href":"https:\/\/z-v.fr\/fr\/wp-json\/wp\/v2\/product_brand?post=11211"},{"taxonomy":"product_cat","embeddable":true,"href":"https:\/\/z-v.fr\/fr\/wp-json\/wp\/v2\/product_cat?post=11211"},{"taxonomy":"product_tag","embeddable":true,"href":"https:\/\/z-v.fr\/fr\/wp-json\/wp\/v2\/product_tag?post=11211"}],"curies":[{"name":"wp","href":"https:\/\/api.w.org\/{rel}","templated":true}]}}