{"id":11210,"date":"2025-08-31T04:07:36","date_gmt":"2025-08-30T20:07:36","guid":{"rendered":"https:\/\/zv.carbonpix.com\/?post_type=product&#038;p=11210"},"modified":"2025-09-19T15:35:00","modified_gmt":"2025-09-19T07:35:00","slug":"chaise-de-bureau-serie-f","status":"publish","type":"product","link":"https:\/\/z-v.fr\/fr\/produit\/chaise-de-bureau-serie-f","title":{"rendered":"Chaise de Bureau &#8211; S\u00e9rie F"},"content":{"rendered":"<p><strong>Adaptez ce produit \u00e0 votre style gr\u00e2ce \u00e0 ces multiples finitions :<\/strong><\/p>\n<ul>\n<li>3 mod\u00e8les de dossiers diff\u00e9rents : haut, standard et bas,<\/li>\n<li>Des centaines de couleurs diff\u00e9rentes de cuirs et de tissus,<\/li>\n<li>Parties arri\u00e8re et lat\u00e9rales en noir ou gris,<\/li>\n<li>Pi\u00e8tement en aluminium coul\u00e9 finition argent\u00e9e,<\/li>\n<li>Ottoman et tabouret assortis.<\/li>\n<\/ul>\n","protected":false},"excerpt":{"rendered":"<p><strong>S\u00e9rie F, inspir\u00e9e de l\u2019industrie automobile, cr\u00e9e instantan\u00e9ment une atmosph\u00e8re haut de gamme, valorisant votre marque et son image.<\/strong><\/p>\n<p>Fabriqu\u00e9e avec des mat\u00e9riaux durables et haut de gamme, une base et des pieds en aluminium 3D, sa forme s\u2019adapte \u00e0 votre corps pour offrir une sensation de confort absolu.<\/p>\n","protected":false},"featured_media":3788,"template":"","meta":[],"product_brand":[],"product_cat":[1270,1277],"product_tag":[],"class_list":{"0":"post-11210","1":"product","2":"type-product","3":"status-publish","4":"has-post-thumbnail","6":"product_cat-mobilier","7":"product_cat-chaise-de-bureau","10":"first","11":"instock","12":"shipping-taxable","13":"product-type-simple"},"aioseo_notices":[],"_links":{"self":[{"href":"https:\/\/z-v.fr\/fr\/wp-json\/wp\/v2\/product\/11210","targetHints":{"allow":["GET"]}}],"collection":[{"href":"https:\/\/z-v.fr\/fr\/wp-json\/wp\/v2\/product"}],"about":[{"href":"https:\/\/z-v.fr\/fr\/wp-json\/wp\/v2\/types\/product"}],"wp:featuredmedia":[{"embeddable":true,"href":"https:\/\/z-v.fr\/fr\/wp-json\/wp\/v2\/media\/3788"}],"wp:attachment":[{"href":"https:\/\/z-v.fr\/fr\/wp-json\/wp\/v2\/media?parent=11210"}],"wp:term":[{"taxonomy":"product_brand","embeddable":true,"href":"https:\/\/z-v.fr\/fr\/wp-json\/wp\/v2\/product_brand?post=11210"},{"taxonomy":"product_cat","embeddable":true,"href":"https:\/\/z-v.fr\/fr\/wp-json\/wp\/v2\/product_cat?post=11210"},{"taxonomy":"product_tag","embeddable":true,"href":"https:\/\/z-v.fr\/fr\/wp-json\/wp\/v2\/product_tag?post=11210"}],"curies":[{"name":"wp","href":"https:\/\/api.w.org\/{rel}","templated":true}]}}