{"id":11207,"date":"2025-08-31T04:07:36","date_gmt":"2025-08-30T20:07:36","guid":{"rendered":"https:\/\/zv.carbonpix.com\/?post_type=product&#038;p=11207"},"modified":"2025-09-24T13:59:35","modified_gmt":"2025-09-24T05:59:35","slug":"chaise-de-bureau-serie-h","status":"publish","type":"product","link":"https:\/\/z-v.fr\/fr\/produit\/chaise-de-bureau-serie-h","title":{"rendered":"Chaise de Bureau &#8211; S\u00e9rie H"},"content":{"rendered":"<p><strong>Adaptez ce produit \u00e0 votre style gr\u00e2ce \u00e0 ces multiples finitions :<\/strong><\/p>\n<ul>\n<li>12 configurations d\u2019assise disponibles,<\/li>\n<li>3 types de pi\u00e8tements et de bases au choix,<\/li>\n<li>Plusieurs coloris pour la structure,<\/li>\n<li>Des centaines de teintes de r\u00e9sille.<\/li>\n<\/ul>\n","protected":false},"excerpt":{"rendered":"<p><strong>La s\u00e9rie H adopte un style moderne avec une attention particuli\u00e8re port\u00e9e \u00e0 son design, soulign\u00e9e par des lignes arrondies et \u00e9pur\u00e9es. <\/strong><\/p>\n<p>Elle peut \u00eatre utilis\u00e9e comme chaise de travail, en salle de r\u00e9union ou dans un bureau de direction.<\/p>\n<p>Fabriqu\u00e9e avec une maille durable, avec plusieurs options de base et un syst\u00e8me de dossier confortable et adaptatif, elle constitue une solution modulable au design attrayant.<\/p>\n<p>&nbsp;<\/p>\n<p>&nbsp;<\/p>\n","protected":false},"featured_media":3960,"template":"","meta":[],"product_brand":[],"product_cat":[1270,1277],"product_tag":[],"class_list":{"0":"post-11207","1":"product","2":"type-product","3":"status-publish","4":"has-post-thumbnail","6":"product_cat-mobilier","7":"product_cat-chaise-de-bureau","10":"first","11":"instock","12":"shipping-taxable","13":"product-type-simple"},"aioseo_notices":[],"_links":{"self":[{"href":"https:\/\/z-v.fr\/fr\/wp-json\/wp\/v2\/product\/11207","targetHints":{"allow":["GET"]}}],"collection":[{"href":"https:\/\/z-v.fr\/fr\/wp-json\/wp\/v2\/product"}],"about":[{"href":"https:\/\/z-v.fr\/fr\/wp-json\/wp\/v2\/types\/product"}],"wp:featuredmedia":[{"embeddable":true,"href":"https:\/\/z-v.fr\/fr\/wp-json\/wp\/v2\/media\/3960"}],"wp:attachment":[{"href":"https:\/\/z-v.fr\/fr\/wp-json\/wp\/v2\/media?parent=11207"}],"wp:term":[{"taxonomy":"product_brand","embeddable":true,"href":"https:\/\/z-v.fr\/fr\/wp-json\/wp\/v2\/product_brand?post=11207"},{"taxonomy":"product_cat","embeddable":true,"href":"https:\/\/z-v.fr\/fr\/wp-json\/wp\/v2\/product_cat?post=11207"},{"taxonomy":"product_tag","embeddable":true,"href":"https:\/\/z-v.fr\/fr\/wp-json\/wp\/v2\/product_tag?post=11207"}],"curies":[{"name":"wp","href":"https:\/\/api.w.org\/{rel}","templated":true}]}}