{"id":11206,"date":"2025-08-31T04:07:36","date_gmt":"2025-08-30T20:07:36","guid":{"rendered":"https:\/\/zv.carbonpix.com\/?post_type=product&#038;p=11206"},"modified":"2025-09-19T15:27:32","modified_gmt":"2025-09-19T07:27:32","slug":"chaise-de-bureau-serie-g","status":"publish","type":"product","link":"https:\/\/z-v.fr\/fr\/produit\/chaise-de-bureau-serie-g","title":{"rendered":"Chaise de Bureau &#8211; S\u00e9rie G"},"content":{"rendered":"<p><strong>Adaptez ce produit \u00e0 votre style gr\u00e2ce \u00e0 ces multiples finitions :<\/strong><\/p>\n<ul>\n<li>6 configurations d\u2019assise disponibles,<\/li>\n<li>3 types de pi\u00e8tements et de bases au choix,<\/li>\n<li>Compatible avec appui-t\u00eate, accoudoirs et repose-pieds,<\/li>\n<li>Plusieurs coloris pour le dossier,<\/li>\n<li>Des centaines de teintes de r\u00e9sille.<\/li>\n<\/ul>\n","protected":false},"excerpt":{"rendered":"<p><strong>La s\u00e9rie G est un mod\u00e8le classique de chaise de travail, dot\u00e9 d&rsquo;une multitude d&rsquo;options vous permettant de la moduler selon vos besoins et ceux de son utilisateur. <\/strong><\/p>\n<p>\u00c9quip\u00e9e d&rsquo;un dossier au design haut de gamme en nylon renforc\u00e9, elle peut \u00eatre am\u00e9lior\u00e9e d\u2019un appui-t\u00eate confortable, d\u2019accoudoirs r\u00e9glables ou d\u2019un repose-pieds. Sa base en aluminium ou en nylon vous offre l\u2019alternative id\u00e9ale pour associer style et bien-\u00eatre recherch\u00e9.<\/p>\n<p>&nbsp;<\/p>\n<p>&nbsp;<\/p>\n","protected":false},"featured_media":3852,"template":"","meta":[],"product_brand":[],"product_cat":[1270,1277],"product_tag":[],"class_list":{"0":"post-11206","1":"product","2":"type-product","3":"status-publish","4":"has-post-thumbnail","6":"product_cat-mobilier","7":"product_cat-chaise-de-bureau","10":"first","11":"instock","12":"shipping-taxable","13":"product-type-simple"},"aioseo_notices":[],"_links":{"self":[{"href":"https:\/\/z-v.fr\/fr\/wp-json\/wp\/v2\/product\/11206","targetHints":{"allow":["GET"]}}],"collection":[{"href":"https:\/\/z-v.fr\/fr\/wp-json\/wp\/v2\/product"}],"about":[{"href":"https:\/\/z-v.fr\/fr\/wp-json\/wp\/v2\/types\/product"}],"wp:featuredmedia":[{"embeddable":true,"href":"https:\/\/z-v.fr\/fr\/wp-json\/wp\/v2\/media\/3852"}],"wp:attachment":[{"href":"https:\/\/z-v.fr\/fr\/wp-json\/wp\/v2\/media?parent=11206"}],"wp:term":[{"taxonomy":"product_brand","embeddable":true,"href":"https:\/\/z-v.fr\/fr\/wp-json\/wp\/v2\/product_brand?post=11206"},{"taxonomy":"product_cat","embeddable":true,"href":"https:\/\/z-v.fr\/fr\/wp-json\/wp\/v2\/product_cat?post=11206"},{"taxonomy":"product_tag","embeddable":true,"href":"https:\/\/z-v.fr\/fr\/wp-json\/wp\/v2\/product_tag?post=11206"}],"curies":[{"name":"wp","href":"https:\/\/api.w.org\/{rel}","templated":true}]}}