{"id":11205,"date":"2025-08-31T04:07:36","date_gmt":"2025-08-30T20:07:36","guid":{"rendered":"https:\/\/zv.carbonpix.com\/?post_type=product&#038;p=11205"},"modified":"2025-09-19T15:25:46","modified_gmt":"2025-09-19T07:25:46","slug":"chaise-de-bureau-serie-f-dossier-haut","status":"publish","type":"product","link":"https:\/\/z-v.fr\/fr\/produit\/chaise-de-bureau-serie-f-dossier-haut","title":{"rendered":"Chaise de Bureau &#8211; S\u00e9rie F &#8211; Dossier Haut"},"content":{"rendered":"<p><strong>Adaptez ce produit \u00e0 votre style gr\u00e2ce \u00e0 ces multiples finitions :<\/strong><\/p>\n<ul>\n<li>Des centaines de couleurs diff\u00e9rentes de cuirs et de tissus,<\/li>\n<li>Dossier et accoudoirs de diff\u00e9rentes couleurs,<\/li>\n<li>Base en fonte d&rsquo;aluminium argent\u00e9e.<\/li>\n<\/ul>\n","protected":false},"excerpt":{"rendered":"<p><strong>La S\u00e9rie F, inspir\u00e9e de l&rsquo;industrie automobile de luxe, cr\u00e9e imm\u00e9diatement une atmosph\u00e8re haut de gamme qui profite \u00e0 votre marque et \u00e0 sa perception.<\/strong><\/p>\n<p>Fabriqu\u00e9 avec des mat\u00e9riaux durables et de premi\u00e8re qualit\u00e9, une base d&rsquo;assise et des pieds en aluminium 3D, sa forme s&rsquo;adapte \u00e0 votre corps et vous procure cette sensation de confort supr\u00eame.<\/p>\n","protected":false},"featured_media":3780,"template":"","meta":[],"product_brand":[],"product_cat":[1270,1277],"product_tag":[],"class_list":{"0":"post-11205","1":"product","2":"type-product","3":"status-publish","4":"has-post-thumbnail","6":"product_cat-mobilier","7":"product_cat-chaise-de-bureau","10":"first","11":"instock","12":"shipping-taxable","13":"product-type-simple"},"aioseo_notices":[],"_links":{"self":[{"href":"https:\/\/z-v.fr\/fr\/wp-json\/wp\/v2\/product\/11205","targetHints":{"allow":["GET"]}}],"collection":[{"href":"https:\/\/z-v.fr\/fr\/wp-json\/wp\/v2\/product"}],"about":[{"href":"https:\/\/z-v.fr\/fr\/wp-json\/wp\/v2\/types\/product"}],"wp:featuredmedia":[{"embeddable":true,"href":"https:\/\/z-v.fr\/fr\/wp-json\/wp\/v2\/media\/3780"}],"wp:attachment":[{"href":"https:\/\/z-v.fr\/fr\/wp-json\/wp\/v2\/media?parent=11205"}],"wp:term":[{"taxonomy":"product_brand","embeddable":true,"href":"https:\/\/z-v.fr\/fr\/wp-json\/wp\/v2\/product_brand?post=11205"},{"taxonomy":"product_cat","embeddable":true,"href":"https:\/\/z-v.fr\/fr\/wp-json\/wp\/v2\/product_cat?post=11205"},{"taxonomy":"product_tag","embeddable":true,"href":"https:\/\/z-v.fr\/fr\/wp-json\/wp\/v2\/product_tag?post=11205"}],"curies":[{"name":"wp","href":"https:\/\/api.w.org\/{rel}","templated":true}]}}