{"id":11202,"date":"2025-08-31T04:07:36","date_gmt":"2025-08-30T20:07:36","guid":{"rendered":"https:\/\/zv.carbonpix.com\/?post_type=product&#038;p=11202"},"modified":"2025-09-19T14:17:15","modified_gmt":"2025-09-19T06:17:15","slug":"chaise-de-bureau-serie-d","status":"publish","type":"product","link":"https:\/\/z-v.fr\/fr\/produit\/chaise-de-bureau-serie-d","title":{"rendered":"Chaise de Bureau &#8211; S\u00e9rie D"},"content":{"rendered":"<p><strong>Adaptez ce produit \u00e0 votre style gr\u00e2ce \u00e0 ces multiples finitions :<\/strong><\/p>\n<ul>\n<li>Des centaines de types et coloris de r\u00e9sille disponibles,<\/li>\n<li>Plusieurs coloris pour les parties en nylon,<\/li>\n<li>Pi\u00e8tement en nylon color\u00e9 ou en aluminium argent\u00e9.<\/li>\n<\/ul>\n","protected":false},"excerpt":{"rendered":"<p><strong>La s\u00e9rie D adopte un style tr\u00e8s classique alliant fonctionnalit\u00e9 et ergonomie. Dot\u00e9e de plusieurs options de soutien dorsal et de r\u00e9glages ergonomiques 4D, elle am\u00e9nagera votre bureau avec style.<\/strong><\/p>\n<p>Fabriqu\u00e9e avec des mat\u00e9riaux durables, une base d\u2019assise 3D en aluminium, des pieds et roulettes en aluminium ou en nylon, elle assure un bon maintien de votre posture gr\u00e2ce \u00e0 ses accoudoirs et son dossier, pour un confort optimal pendant de longues heures de travail.<\/p>\n","protected":false},"featured_media":3747,"template":"","meta":[],"product_brand":[],"product_cat":[1270,1277],"product_tag":[],"class_list":{"0":"post-11202","1":"product","2":"type-product","3":"status-publish","4":"has-post-thumbnail","6":"product_cat-mobilier","7":"product_cat-chaise-de-bureau","10":"first","11":"instock","12":"shipping-taxable","13":"product-type-simple"},"aioseo_notices":[],"_links":{"self":[{"href":"https:\/\/z-v.fr\/fr\/wp-json\/wp\/v2\/product\/11202","targetHints":{"allow":["GET"]}}],"collection":[{"href":"https:\/\/z-v.fr\/fr\/wp-json\/wp\/v2\/product"}],"about":[{"href":"https:\/\/z-v.fr\/fr\/wp-json\/wp\/v2\/types\/product"}],"wp:featuredmedia":[{"embeddable":true,"href":"https:\/\/z-v.fr\/fr\/wp-json\/wp\/v2\/media\/3747"}],"wp:attachment":[{"href":"https:\/\/z-v.fr\/fr\/wp-json\/wp\/v2\/media?parent=11202"}],"wp:term":[{"taxonomy":"product_brand","embeddable":true,"href":"https:\/\/z-v.fr\/fr\/wp-json\/wp\/v2\/product_brand?post=11202"},{"taxonomy":"product_cat","embeddable":true,"href":"https:\/\/z-v.fr\/fr\/wp-json\/wp\/v2\/product_cat?post=11202"},{"taxonomy":"product_tag","embeddable":true,"href":"https:\/\/z-v.fr\/fr\/wp-json\/wp\/v2\/product_tag?post=11202"}],"curies":[{"name":"wp","href":"https:\/\/api.w.org\/{rel}","templated":true}]}}