{"id":11201,"date":"2025-08-31T04:07:35","date_gmt":"2025-08-30T20:07:35","guid":{"rendered":"https:\/\/zv.carbonpix.com\/?post_type=product&#038;p=11201"},"modified":"2025-09-19T15:36:03","modified_gmt":"2025-09-19T07:36:03","slug":"chaise-de-bureau-serie-a","status":"publish","type":"product","link":"https:\/\/z-v.fr\/fr\/produit\/chaise-de-bureau-serie-a","title":{"rendered":"Chaise de Bureau &#8211; S\u00e9rie A"},"content":{"rendered":"<p><strong>Adaptez ce produit \u00e0 votre style gr\u00e2ce \u00e0 ces multiples finitions :<\/strong><\/p>\n<ul>\n<li data-start=\"78\" data-end=\"137\">Des centaines de types et coloris de r\u00e9sille disponibles,<\/li>\n<li data-start=\"140\" data-end=\"176\">Deux hauteurs de dossier au choix,<\/li>\n<li data-start=\"179\" data-end=\"242\">Deux coloris pour les parties en nylon : noir ou gris menthe,<\/li>\n<li data-start=\"245\" data-end=\"293\">Pi\u00e8tement en nylon noir ou en aluminium argent\u00e9.<\/li>\n<\/ul>\n","protected":false},"excerpt":{"rendered":"<p><strong>La s\u00e9rie A est une chaise de bureau classique dot\u00e9e d\u2019un syst\u00e8me ergonomique am\u00e9lior\u00e9 et un design soign\u00e9. <\/strong><\/p>\n<p>Fabriqu\u00e9e avec une maille durable (Korea Entes), une base d\u2019assise 3D en aluminium, des pieds et roulettes en aluminium ou en nylon, cette chaise offre un soutien complet gr\u00e2ce \u00e0 ses accoudoirs et son dossier, pour un confort optimal lors de longues heures de travail.<\/p>\n","protected":false},"featured_media":3684,"template":"","meta":[],"product_brand":[],"product_cat":[1270,1277],"product_tag":[],"class_list":{"0":"post-11201","1":"product","2":"type-product","3":"status-publish","4":"has-post-thumbnail","6":"product_cat-mobilier","7":"product_cat-chaise-de-bureau","10":"first","11":"instock","12":"shipping-taxable","13":"product-type-simple"},"aioseo_notices":[],"_links":{"self":[{"href":"https:\/\/z-v.fr\/fr\/wp-json\/wp\/v2\/product\/11201","targetHints":{"allow":["GET"]}}],"collection":[{"href":"https:\/\/z-v.fr\/fr\/wp-json\/wp\/v2\/product"}],"about":[{"href":"https:\/\/z-v.fr\/fr\/wp-json\/wp\/v2\/types\/product"}],"wp:featuredmedia":[{"embeddable":true,"href":"https:\/\/z-v.fr\/fr\/wp-json\/wp\/v2\/media\/3684"}],"wp:attachment":[{"href":"https:\/\/z-v.fr\/fr\/wp-json\/wp\/v2\/media?parent=11201"}],"wp:term":[{"taxonomy":"product_brand","embeddable":true,"href":"https:\/\/z-v.fr\/fr\/wp-json\/wp\/v2\/product_brand?post=11201"},{"taxonomy":"product_cat","embeddable":true,"href":"https:\/\/z-v.fr\/fr\/wp-json\/wp\/v2\/product_cat?post=11201"},{"taxonomy":"product_tag","embeddable":true,"href":"https:\/\/z-v.fr\/fr\/wp-json\/wp\/v2\/product_tag?post=11201"}],"curies":[{"name":"wp","href":"https:\/\/api.w.org\/{rel}","templated":true}]}}