{"id":11193,"date":"2025-08-31T04:09:42","date_gmt":"2025-08-30T20:09:42","guid":{"rendered":"https:\/\/zv.carbonpix.com\/?post_type=product&#038;p=11193"},"modified":"2025-09-19T13:36:14","modified_gmt":"2025-09-19T05:36:14","slug":"bureau-multiposte-tropic","status":"publish","type":"product","link":"https:\/\/z-v.fr\/fr\/produit\/bureau-multiposte-tropic","title":{"rendered":"Bureau Multiposte &#8211; Tropic"},"content":{"rendered":"<p><strong>Personnalisez-le selon votre style avec ces diff\u00e9rentes finitions :<\/strong><\/p>\n<ul>\n<li>Structure en noir, blanc et gris &#8211; Couleurs personnalis\u00e9es en option,<\/li>\n<li>Plateau en bois massif (bambou, ch\u00eane, h\u00e9v\u00e9a, noyer, etc.) ou en MDF stratifi\u00e9 (toutes les couleurs),<\/li>\n<li>2 \u00e0 12 personnes,<\/li>\n<li>Rangements et armoires, s\u00e9parateurs et alimentation \u00e9lectrique,<\/li>\n<li>Espace partag\u00e9 ou salle de r\u00e9union.<\/li>\n<\/ul>\n<p><strong>Nos bureaux, fiables, sont con\u00e7us pour durer et b\u00e9n\u00e9ficient d&rsquo;une garantie de 5 ans.<\/strong><\/p>\n","protected":false},"excerpt":{"rendered":"<p><strong>Notre Bureau Multiposte &#8211; Tropic incarne la sophistication moderne pour votre open space, avec des lignes \u00e9pur\u00e9es et un design contemporain discret.<\/strong><\/p>\n<p>Con\u00e7us avec une structure en aluminium robuste et ajustable, chaque bureau est associ\u00e9 au plateau de votre choix, garantissant durabilit\u00e9 et adaptabilit\u00e9 \u00e0 l\u2019\u00e9volution de vos besoins.<\/p>\n<p>Ces solutions de bureaux modulaires, pouvant accueillir de 2 \u00e0 12 personnes, sont enti\u00e8rement personnalisables pour r\u00e9pondre \u00e0 vos besoins. Compl\u00e9t\u00e9s par des armoires de rangement, des s\u00e9parateurs et des prises de courant en option, vous avez la possibilit\u00e9 de configurer votre espace de travail pour une efficacit\u00e9 maximale.<\/p>\n","protected":false},"featured_media":10724,"template":"","meta":[],"product_brand":[],"product_cat":[1270,1271],"product_tag":[],"class_list":{"0":"post-11193","1":"product","2":"type-product","3":"status-publish","4":"has-post-thumbnail","6":"product_cat-mobilier","7":"product_cat-bureau-multiposte","10":"first","11":"instock","12":"featured","13":"shipping-taxable","14":"product-type-simple"},"aioseo_notices":[],"_links":{"self":[{"href":"https:\/\/z-v.fr\/fr\/wp-json\/wp\/v2\/product\/11193","targetHints":{"allow":["GET"]}}],"collection":[{"href":"https:\/\/z-v.fr\/fr\/wp-json\/wp\/v2\/product"}],"about":[{"href":"https:\/\/z-v.fr\/fr\/wp-json\/wp\/v2\/types\/product"}],"wp:featuredmedia":[{"embeddable":true,"href":"https:\/\/z-v.fr\/fr\/wp-json\/wp\/v2\/media\/10724"}],"wp:attachment":[{"href":"https:\/\/z-v.fr\/fr\/wp-json\/wp\/v2\/media?parent=11193"}],"wp:term":[{"taxonomy":"product_brand","embeddable":true,"href":"https:\/\/z-v.fr\/fr\/wp-json\/wp\/v2\/product_brand?post=11193"},{"taxonomy":"product_cat","embeddable":true,"href":"https:\/\/z-v.fr\/fr\/wp-json\/wp\/v2\/product_cat?post=11193"},{"taxonomy":"product_tag","embeddable":true,"href":"https:\/\/z-v.fr\/fr\/wp-json\/wp\/v2\/product_tag?post=11193"}],"curies":[{"name":"wp","href":"https:\/\/api.w.org\/{rel}","templated":true}]}}