{"id":11189,"date":"2025-08-31T04:07:12","date_gmt":"2025-08-30T20:07:12","guid":{"rendered":"https:\/\/zv.carbonpix.com\/?post_type=product&#038;p=11189"},"modified":"2025-09-17T15:31:49","modified_gmt":"2025-09-17T07:31:49","slug":"serrure_connectee_h10b_ed","status":"publish","type":"product","link":"https:\/\/z-v.fr\/fr\/produit\/serrure_connectee_h10b_ed","title":{"rendered":"Serrure connect\u00e9e \u2013 H10B \u2013 Empreinte digitale"},"content":{"rendered":"<p><strong>Choisissez le mod\u00e8le qui correspond \u00e0 vos besoins :<\/strong><\/p>\n<ul>\n<li>Styles et couleurs vari\u00e9s de serrures,<\/li>\n<li>Diff\u00e9rentes types de mortaise,<\/li>\n<li>Multiples options de d\u00e9verrouillage :\n<ol>\n<li>Application mobile,<\/li>\n<li>Empreinte digitale,<\/li>\n<li>Reconnaissance faciale,<\/li>\n<li>Carte NFC,<\/li>\n<li>Code d\u2019acc\u00e8s,<\/li>\n<li>Cl\u00e9s traditionnelles.<\/li>\n<\/ol>\n<\/li>\n<\/ul>\n<p><strong>avec les fonctionnalit\u00e9s avanc\u00e9es n\u00e9cessaires :<\/strong><\/p>\n<ul>\n<li>Acc\u00e8s \u00e0 distance en temps r\u00e9el,<\/li>\n<li>Gestion des pr\u00e9sences et des locations,<\/li>\n<li>Compatibilit\u00e9 avec la commande d\u2019ascenseur,<\/li>\n<li>Ind\u00e9pendant, avec une g\u00e2che \u00e9lectrique ou une serrure magn\u00e9tique,<\/li>\n<li>Compatibilit\u00e9 \u00e0 tous types de portes : battantes ou coulissantes, en bois, en m\u00e9tal ou en verre,<\/li>\n<li>Batterie ou alimentation \u00e9lectrique,<\/li>\n<li>Certification CE, FCC, ROHS.<\/li>\n<\/ul>\n<p><strong>et une gestion centralis\u00e9e sur le Cloud :<\/strong><\/p>\n<ul>\n<li>Plateforme en ligne,<\/li>\n<li>Application Staff App (administration),<\/li>\n<li>Application Guest App (utilisateur final),<\/li>\n<li>Int\u00e9gration avec Alexa, Google et Siri,<\/li>\n<li>Application disponible sur iOS et Android.<\/li>\n<\/ul>\n","protected":false},"excerpt":{"rendered":"<p><strong>Nos serrures connect\u00e9es sont indispensables pour faciliter la gestion de vos acc\u00e8s et vous permettre de les contr\u00f4ler \u00e0 distance, \u00e0 tout moment et en tout lieu. <\/strong><\/p>\n<p>Bas\u00e9s sur le Cloud et \u00e9quip\u00e9s des derni\u00e8res technologies, tous nos dispositifs se configurent et se d\u00e9verrouillent facilement via nos Apps.<\/p>\n<p>Compatibles avec tous types de portes, elles fonctionnent en Bluetooth, en Wi-Fi, directement avec votre smartphone ou gr\u00e2ce \u00e0 une carte NFC. Les membres acc\u00e8dent ainsi \u00e0 leurs espaces en toute autonomie, tandis que vous g\u00e9rez les acc\u00e8s, les pr\u00e9sences et les r\u00e9servations 24h\/24 et 7j\/7, en un seul clic.<\/p>\n","protected":false},"featured_media":9582,"template":"","meta":[],"product_brand":[],"product_cat":[1267],"product_tag":[],"class_list":{"0":"post-11189","1":"product","2":"type-product","3":"status-publish","4":"has-post-thumbnail","6":"product_cat-controle-dacces-gestion-de-presence","9":"first","10":"instock","11":"shipping-taxable","12":"product-type-simple"},"aioseo_notices":[],"_links":{"self":[{"href":"https:\/\/z-v.fr\/fr\/wp-json\/wp\/v2\/product\/11189","targetHints":{"allow":["GET"]}}],"collection":[{"href":"https:\/\/z-v.fr\/fr\/wp-json\/wp\/v2\/product"}],"about":[{"href":"https:\/\/z-v.fr\/fr\/wp-json\/wp\/v2\/types\/product"}],"wp:featuredmedia":[{"embeddable":true,"href":"https:\/\/z-v.fr\/fr\/wp-json\/wp\/v2\/media\/9582"}],"wp:attachment":[{"href":"https:\/\/z-v.fr\/fr\/wp-json\/wp\/v2\/media?parent=11189"}],"wp:term":[{"taxonomy":"product_brand","embeddable":true,"href":"https:\/\/z-v.fr\/fr\/wp-json\/wp\/v2\/product_brand?post=11189"},{"taxonomy":"product_cat","embeddable":true,"href":"https:\/\/z-v.fr\/fr\/wp-json\/wp\/v2\/product_cat?post=11189"},{"taxonomy":"product_tag","embeddable":true,"href":"https:\/\/z-v.fr\/fr\/wp-json\/wp\/v2\/product_tag?post=11189"}],"curies":[{"name":"wp","href":"https:\/\/api.w.org\/{rel}","templated":true}]}}