{"id":8641,"date":"2025-02-01T19:11:53","date_gmt":"2025-02-01T11:11:53","guid":{"rendered":"https:\/\/zv.carbonpix.com\/?page_id=8641"},"modified":"2025-10-05T04:21:43","modified_gmt":"2025-10-04T20:21:43","slug":"services","status":"publish","type":"page","link":"https:\/\/z-v.fr\/fr\/services","title":{"rendered":"Services"},"content":{"rendered":"<div id=\"cs-content\" class=\"cs-content\"><\/div>\n","protected":false},"excerpt":{"rendered":"<p>One-Stop services Architecture &amp; design d\u2019int\u00e9rieur. Des \u00e9tudes de faisabilit\u00e9 \u00e0 l\u2019agencement de vos espaces, nous repoussons les limites pour transformer votre environnement et vous offrir des r\u00e9sultats exceptionnels, parfaitement adapt\u00e9s \u00e0 votre vision.Design cr\u00e9atif &amp; D\u00e9veloppements de produit. Du design cr\u00e9atif au d\u00e9veloppement de vos produit, nous donnons vie \u00e0 des am\u00e9nagements uniques, con\u00e7us sur mesure pour votre marque.Gestion &#8230; <\/p>\n<div><a href=\"https:\/\/z-v.fr\/fr\/services\" class=\"more-link\">View Product<\/a><\/div>\n","protected":false},"author":4,"featured_media":0,"parent":0,"menu_order":0,"comment_status":"closed","ping_status":"closed","template":"template-blank-4.php","meta":{"footnotes":""},"class_list":["post-8641","page","type-page","status-publish","hentry","no-post-thumbnail"],"aioseo_notices":[],"_links":{"self":[{"href":"https:\/\/z-v.fr\/fr\/wp-json\/wp\/v2\/pages\/8641","targetHints":{"allow":["GET"]}}],"collection":[{"href":"https:\/\/z-v.fr\/fr\/wp-json\/wp\/v2\/pages"}],"about":[{"href":"https:\/\/z-v.fr\/fr\/wp-json\/wp\/v2\/types\/page"}],"author":[{"embeddable":true,"href":"https:\/\/z-v.fr\/fr\/wp-json\/wp\/v2\/users\/4"}],"replies":[{"embeddable":true,"href":"https:\/\/z-v.fr\/fr\/wp-json\/wp\/v2\/comments?post=8641"}],"version-history":[{"count":10,"href":"https:\/\/z-v.fr\/fr\/wp-json\/wp\/v2\/pages\/8641\/revisions"}],"predecessor-version":[{"id":11407,"href":"https:\/\/z-v.fr\/fr\/wp-json\/wp\/v2\/pages\/8641\/revisions\/11407"}],"wp:attachment":[{"href":"https:\/\/z-v.fr\/fr\/wp-json\/wp\/v2\/media?parent=8641"}],"curies":[{"name":"wp","href":"https:\/\/api.w.org\/{rel}","templated":true}]}}