{"id":8605,"date":"2020-11-26T10:34:19","date_gmt":"2020-11-26T02:34:19","guid":{"rendered":"https:\/\/zv.carbonpix.com\/?page_id=8605"},"modified":"2025-10-08T11:26:33","modified_gmt":"2025-10-08T03:26:33","slug":"home-fr","status":"publish","type":"page","link":"https:\/\/z-v.fr\/fr","title":{"rendered":"Accueil"},"content":{"rendered":"<div id=\"cs-content\" class=\"cs-content\"><\/div>\n","protected":false},"excerpt":{"rendered":"<p>Qui sommes-nous ? Votre partenaire \u00ab\u00a0One Stop\u00a0\u00bb, offrant une gamme compl\u00e8te de services et de produits sp\u00e9cialement con\u00e7us pour les secteurs du CoWorking, du CoLiving et de l&rsquo;H\u00f4tellerie &#8211; Restauration. Notre approche couvre l&rsquo;architecture et le design d&rsquo;int\u00e9rieur, le d\u00e9veloppement de vos produits sp\u00e9cifique ainsi que l&rsquo;approvisionnement en am\u00e9nagements standards, nous permettant de fabriquer et de livrer des produits sur &#8230; <\/p>\n<div><a href=\"https:\/\/z-v.fr\/fr\" class=\"more-link\">View Product<\/a><\/div>\n","protected":false},"author":4,"featured_media":0,"parent":0,"menu_order":0,"comment_status":"closed","ping_status":"closed","template":"template-blank-4.php","meta":{"footnotes":""},"class_list":["post-8605","page","type-page","status-publish","hentry","no-post-thumbnail"],"aioseo_notices":[],"_links":{"self":[{"href":"https:\/\/z-v.fr\/fr\/wp-json\/wp\/v2\/pages\/8605","targetHints":{"allow":["GET"]}}],"collection":[{"href":"https:\/\/z-v.fr\/fr\/wp-json\/wp\/v2\/pages"}],"about":[{"href":"https:\/\/z-v.fr\/fr\/wp-json\/wp\/v2\/types\/page"}],"author":[{"embeddable":true,"href":"https:\/\/z-v.fr\/fr\/wp-json\/wp\/v2\/users\/4"}],"replies":[{"embeddable":true,"href":"https:\/\/z-v.fr\/fr\/wp-json\/wp\/v2\/comments?post=8605"}],"version-history":[{"count":27,"href":"https:\/\/z-v.fr\/fr\/wp-json\/wp\/v2\/pages\/8605\/revisions"}],"predecessor-version":[{"id":11982,"href":"https:\/\/z-v.fr\/fr\/wp-json\/wp\/v2\/pages\/8605\/revisions\/11982"}],"wp:attachment":[{"href":"https:\/\/z-v.fr\/fr\/wp-json\/wp\/v2\/media?parent=8605"}],"curies":[{"name":"wp","href":"https:\/\/api.w.org\/{rel}","templated":true}]}}