{"id":12268,"date":"2025-12-17T18:17:29","date_gmt":"2025-12-17T10:17:29","guid":{"rendered":"https:\/\/z-v.fr\/?page_id=12268"},"modified":"2025-12-17T18:26:54","modified_gmt":"2025-12-17T10:26:54","slug":"tbc-montigny","status":"publish","type":"page","link":"https:\/\/z-v.fr\/fr\/realisations\/tbc-montigny","title":{"rendered":"TBC &#8211; Montigny"},"content":{"rendered":"<div id=\"cs-content\" class=\"cs-content\"><\/div>\n","protected":false},"excerpt":{"rendered":"<p>TBC Montigny, FranceThe project TBC est le leader pionnier du coliving en France, transformant depuis 2017 la mani\u00e8re dont les jeunes professionnels vivent et travaillent en ville. Avec 15 r\u00e9sidences et 3 000 appartements pr\u00e9vus d\u2019ici 2028, TBC a d\u00e9j\u00e0 ouvert cinq \u00e9tablissements majeurs, dont sa r\u00e9sidence embl\u00e9matique de 12 000 m\u00b2 situ\u00e9e dans la m\u00e9tropole lilloise. Simplifiant l\u2019habitat urbain &#8230; <\/p>\n<div><a href=\"https:\/\/z-v.fr\/fr\/realisations\/tbc-montigny\" class=\"more-link\">View Product<\/a><\/div>\n","protected":false},"author":4,"featured_media":0,"parent":8652,"menu_order":0,"comment_status":"closed","ping_status":"closed","template":"template-blank-4.php","meta":{"footnotes":""},"class_list":["post-12268","page","type-page","status-publish","hentry","no-post-thumbnail"],"aioseo_notices":[],"_links":{"self":[{"href":"https:\/\/z-v.fr\/fr\/wp-json\/wp\/v2\/pages\/12268","targetHints":{"allow":["GET"]}}],"collection":[{"href":"https:\/\/z-v.fr\/fr\/wp-json\/wp\/v2\/pages"}],"about":[{"href":"https:\/\/z-v.fr\/fr\/wp-json\/wp\/v2\/types\/page"}],"author":[{"embeddable":true,"href":"https:\/\/z-v.fr\/fr\/wp-json\/wp\/v2\/users\/4"}],"replies":[{"embeddable":true,"href":"https:\/\/z-v.fr\/fr\/wp-json\/wp\/v2\/comments?post=12268"}],"version-history":[{"count":16,"href":"https:\/\/z-v.fr\/fr\/wp-json\/wp\/v2\/pages\/12268\/revisions"}],"predecessor-version":[{"id":12289,"href":"https:\/\/z-v.fr\/fr\/wp-json\/wp\/v2\/pages\/12268\/revisions\/12289"}],"up":[{"embeddable":true,"href":"https:\/\/z-v.fr\/fr\/wp-json\/wp\/v2\/pages\/8652"}],"wp:attachment":[{"href":"https:\/\/z-v.fr\/fr\/wp-json\/wp\/v2\/media?parent=12268"}],"curies":[{"name":"wp","href":"https:\/\/api.w.org\/{rel}","templated":true}]}}