{"id":12042,"date":"2025-10-27T05:22:49","date_gmt":"2025-10-26T21:22:49","guid":{"rendered":"https:\/\/z-v.fr\/?page_id=12042"},"modified":"2025-10-29T16:50:44","modified_gmt":"2025-10-29T08:50:44","slug":"apps","status":"publish","type":"page","link":"https:\/\/z-v.fr\/fr\/apps","title":{"rendered":"Apps"},"content":{"rendered":"<div id=\"cs-content\" class=\"cs-content\"><\/div>\n","protected":false},"excerpt":{"rendered":"<p>Apps &#8211; Contr\u00f4les d&rsquo;Acc\u00e8s Nos applications vous permettent d\u2019enregistrer, de contr\u00f4ler et de faire fonctionner tous types de serrures de porte et d\u2019ascenseurs.Selon les diff\u00e9rents niveaux d\u2019utilisateurs, vous pouvez, sur site ou \u00e0 distance, accorder l\u2019acc\u00e8s \u00e0 vos employ\u00e9s et \u00e0 vos invit\u00e9s selon vos param\u00e8tres sp\u00e9cifiques et la configuration de votre site. Pour votre personnel, cliquez sur Z&amp;V &#8211; &#8230; <\/p>\n<div><a href=\"https:\/\/z-v.fr\/fr\/apps\" class=\"more-link\">View Product<\/a><\/div>\n","protected":false},"author":4,"featured_media":0,"parent":0,"menu_order":0,"comment_status":"closed","ping_status":"closed","template":"template-blank-4.php","meta":{"footnotes":""},"class_list":["post-12042","page","type-page","status-publish","hentry","no-post-thumbnail"],"aioseo_notices":[],"_links":{"self":[{"href":"https:\/\/z-v.fr\/fr\/wp-json\/wp\/v2\/pages\/12042","targetHints":{"allow":["GET"]}}],"collection":[{"href":"https:\/\/z-v.fr\/fr\/wp-json\/wp\/v2\/pages"}],"about":[{"href":"https:\/\/z-v.fr\/fr\/wp-json\/wp\/v2\/types\/page"}],"author":[{"embeddable":true,"href":"https:\/\/z-v.fr\/fr\/wp-json\/wp\/v2\/users\/4"}],"replies":[{"embeddable":true,"href":"https:\/\/z-v.fr\/fr\/wp-json\/wp\/v2\/comments?post=12042"}],"version-history":[{"count":5,"href":"https:\/\/z-v.fr\/fr\/wp-json\/wp\/v2\/pages\/12042\/revisions"}],"predecessor-version":[{"id":12056,"href":"https:\/\/z-v.fr\/fr\/wp-json\/wp\/v2\/pages\/12042\/revisions\/12056"}],"wp:attachment":[{"href":"https:\/\/z-v.fr\/fr\/wp-json\/wp\/v2\/media?parent=12042"}],"curies":[{"name":"wp","href":"https:\/\/api.w.org\/{rel}","templated":true}]}}