{"id":11947,"date":"2025-10-04T16:39:00","date_gmt":"2025-10-04T08:39:00","guid":{"rendered":"https:\/\/z-v.fr\/?page_id=11947"},"modified":"2025-10-04T17:17:29","modified_gmt":"2025-10-04T09:17:29","slug":"accueil-test","status":"publish","type":"page","link":"https:\/\/z-v.fr\/fr\/accueil-test","title":{"rendered":"Accueil-test"},"content":{"rendered":"<div id=\"cs-content\" class=\"cs-content\"><\/div>\n","protected":false},"excerpt":{"rendered":"<p>Qui sommes-nous ? Votre partenaire \u00ab\u00a0One Stop\u00a0\u00bb, offrant une gamme compl\u00e8te de services et de produits sp\u00e9cialement con\u00e7us pour les secteurs du CoWorking, du CoLiving et de l&rsquo;H\u00f4tellerie &#8211; Restauration. Notre approche couvre l&rsquo;architecture et le design d&rsquo;int\u00e9rieur, le d\u00e9veloppement de vos produits sp\u00e9cifique ainsi que l&rsquo;approvisionnement en am\u00e9nagements standards, nous permettant de fabriquer et de livrer des produits sur &#8230; <\/p>\n<div><a href=\"https:\/\/z-v.fr\/fr\/accueil-test\" class=\"more-link\">View Product<\/a><\/div>\n","protected":false},"author":4,"featured_media":0,"parent":0,"menu_order":0,"comment_status":"closed","ping_status":"closed","template":"template-blank-4.php","meta":{"footnotes":""},"class_list":["post-11947","page","type-page","status-publish","hentry","no-post-thumbnail"],"aioseo_notices":[],"_links":{"self":[{"href":"https:\/\/z-v.fr\/fr\/wp-json\/wp\/v2\/pages\/11947","targetHints":{"allow":["GET"]}}],"collection":[{"href":"https:\/\/z-v.fr\/fr\/wp-json\/wp\/v2\/pages"}],"about":[{"href":"https:\/\/z-v.fr\/fr\/wp-json\/wp\/v2\/types\/page"}],"author":[{"embeddable":true,"href":"https:\/\/z-v.fr\/fr\/wp-json\/wp\/v2\/users\/4"}],"replies":[{"embeddable":true,"href":"https:\/\/z-v.fr\/fr\/wp-json\/wp\/v2\/comments?post=11947"}],"version-history":[{"count":8,"href":"https:\/\/z-v.fr\/fr\/wp-json\/wp\/v2\/pages\/11947\/revisions"}],"predecessor-version":[{"id":11956,"href":"https:\/\/z-v.fr\/fr\/wp-json\/wp\/v2\/pages\/11947\/revisions\/11956"}],"wp:attachment":[{"href":"https:\/\/z-v.fr\/fr\/wp-json\/wp\/v2\/media?parent=11947"}],"curies":[{"name":"wp","href":"https:\/\/api.w.org\/{rel}","templated":true}]}}