{"id":11516,"date":"2022-01-07T17:00:47","date_gmt":"2022-01-07T09:00:47","guid":{"rendered":"https:\/\/z-v.fr\/code-of-conduct-french"},"modified":"2025-09-12T14:06:07","modified_gmt":"2025-09-12T06:06:07","slug":"notrecodedeconduite","status":"publish","type":"page","link":"https:\/\/z-v.fr\/fr\/notrecodedeconduite","title":{"rendered":"Notre Code de Conduite"},"content":{"rendered":"<div id=\"cs-content\" class=\"cs-content\"><\/div>\n","protected":false},"excerpt":{"rendered":"<p>Notre Code de Conduite Introduction Fond\u00e9e en 2016, Z&amp;V est votre partenaire unique, offrant une gamme compl\u00e8te de services et de produits sp\u00e9cialement con\u00e7us pour les secteurs du CoWorking, du CoLiving et de l\u2019Hospitalit\u00e9. De l\u2019architecture et du design d\u2019int\u00e9rieur au d\u00e9veloppement de produits et \u00e0 l\u2019approvisionnement standard pour l\u2019am\u00e9nagement, nous excellons dans la conception, la fabrication et la livraison &#8230; <\/p>\n<div><a href=\"https:\/\/z-v.fr\/fr\/notrecodedeconduite\" class=\"more-link\">View Product<\/a><\/div>\n","protected":false},"author":4,"featured_media":0,"parent":0,"menu_order":0,"comment_status":"closed","ping_status":"closed","template":"template-blank-1.php","meta":{"footnotes":""},"class_list":["post-11516","page","type-page","status-publish","hentry","no-post-thumbnail"],"aioseo_notices":[],"_links":{"self":[{"href":"https:\/\/z-v.fr\/fr\/wp-json\/wp\/v2\/pages\/11516","targetHints":{"allow":["GET"]}}],"collection":[{"href":"https:\/\/z-v.fr\/fr\/wp-json\/wp\/v2\/pages"}],"about":[{"href":"https:\/\/z-v.fr\/fr\/wp-json\/wp\/v2\/types\/page"}],"author":[{"embeddable":true,"href":"https:\/\/z-v.fr\/fr\/wp-json\/wp\/v2\/users\/4"}],"replies":[{"embeddable":true,"href":"https:\/\/z-v.fr\/fr\/wp-json\/wp\/v2\/comments?post=11516"}],"version-history":[{"count":7,"href":"https:\/\/z-v.fr\/fr\/wp-json\/wp\/v2\/pages\/11516\/revisions"}],"predecessor-version":[{"id":11573,"href":"https:\/\/z-v.fr\/fr\/wp-json\/wp\/v2\/pages\/11516\/revisions\/11573"}],"wp:attachment":[{"href":"https:\/\/z-v.fr\/fr\/wp-json\/wp\/v2\/media?parent=11516"}],"curies":[{"name":"wp","href":"https:\/\/api.w.org\/{rel}","templated":true}]}}