{"id":11504,"date":"2021-02-08T06:06:06","date_gmt":"2021-02-07T22:06:06","guid":{"rendered":"https:\/\/z-v.fr\/credits-french"},"modified":"2025-09-12T14:04:18","modified_gmt":"2025-09-12T06:04:18","slug":"credits","status":"publish","type":"page","link":"https:\/\/z-v.fr\/fr\/credits","title":{"rendered":"Cr\u00e9dits"},"content":{"rendered":"<div id=\"cs-content\" class=\"cs-content\"><\/div>\n","protected":false},"excerpt":{"rendered":"<p>Cr\u00e9dits Les ic\u00f4nes utilis\u00e9es dans le Showroom en ligne proviennent de\u00a0www.flaticon.com Acoustic Solutions : adapt\u00e9es de\u00a0Pixel perfect Flooring : modifi\u00e9es de\u00a0Freepik Furniture : modifi\u00e9es de\u00a0Freepik Desk &amp; Smart Desk : modifi\u00e9es de\u00a0xnimrodx Office Pod : modifi\u00e9es de\u00a0Pixel perfect Open System Seating : modifi\u00e9es de\u00a0xnimrodx Phone Booth &amp; Phone station : modifi\u00e9es de\u00a0Freepik Storage Unit : modifi\u00e9es de\u00a0Pixel perfect Wall System &#8230; <\/p>\n<div><a href=\"https:\/\/z-v.fr\/fr\/credits\" class=\"more-link\">View Product<\/a><\/div>\n","protected":false},"author":4,"featured_media":0,"parent":0,"menu_order":0,"comment_status":"closed","ping_status":"closed","template":"template-blank-1.php","meta":{"footnotes":""},"class_list":["post-11504","page","type-page","status-publish","hentry","no-post-thumbnail"],"aioseo_notices":[],"_links":{"self":[{"href":"https:\/\/z-v.fr\/fr\/wp-json\/wp\/v2\/pages\/11504","targetHints":{"allow":["GET"]}}],"collection":[{"href":"https:\/\/z-v.fr\/fr\/wp-json\/wp\/v2\/pages"}],"about":[{"href":"https:\/\/z-v.fr\/fr\/wp-json\/wp\/v2\/types\/page"}],"author":[{"embeddable":true,"href":"https:\/\/z-v.fr\/fr\/wp-json\/wp\/v2\/users\/4"}],"replies":[{"embeddable":true,"href":"https:\/\/z-v.fr\/fr\/wp-json\/wp\/v2\/comments?post=11504"}],"version-history":[{"count":7,"href":"https:\/\/z-v.fr\/fr\/wp-json\/wp\/v2\/pages\/11504\/revisions"}],"predecessor-version":[{"id":11571,"href":"https:\/\/z-v.fr\/fr\/wp-json\/wp\/v2\/pages\/11504\/revisions\/11571"}],"wp:attachment":[{"href":"https:\/\/z-v.fr\/fr\/wp-json\/wp\/v2\/media?parent=11504"}],"curies":[{"name":"wp","href":"https:\/\/api.w.org\/{rel}","templated":true}]}}