{"id":11499,"date":"2020-12-09T21:52:07","date_gmt":"2020-12-09T13:52:07","guid":{"rendered":"https:\/\/z-v.fr\/rakoon-lille-french"},"modified":"2025-10-05T04:16:26","modified_gmt":"2025-10-04T20:16:26","slug":"rakoon-lille","status":"publish","type":"page","link":"https:\/\/z-v.fr\/fr\/realisations\/rakoon-lille","title":{"rendered":"Rakoon &#8211; Lille"},"content":{"rendered":"<div id=\"cs-content\" class=\"cs-content\"><\/div>\n","protected":false},"excerpt":{"rendered":"<p>Rakoon Lille &#8211; FranceLe Projet Rakoon &amp; Co est un op\u00e9rateur de co-working \u00e9tabli en France, offrant des espaces de travail et un accompagnement aux start-ups \u00e0 fort potentiel. Z&amp;V a soutenu l\u2019am\u00e9nagement de leur bureau de Lille en fournissant des fauteuils de bureau ergonomiques sur mesure, du mobilier intelligent, des solutions acoustiques comprenant des cabines t\u00e9l\u00e9phoniques, des s\u00e9parateurs de &#8230; <\/p>\n<div><a href=\"https:\/\/z-v.fr\/fr\/realisations\/rakoon-lille\" class=\"more-link\">View Product<\/a><\/div>\n","protected":false},"author":4,"featured_media":950,"parent":8652,"menu_order":0,"comment_status":"closed","ping_status":"closed","template":"template-blank-4.php","meta":{"footnotes":""},"class_list":["post-11499","page","type-page","status-publish","has-post-thumbnail","hentry"],"aioseo_notices":[],"_links":{"self":[{"href":"https:\/\/z-v.fr\/fr\/wp-json\/wp\/v2\/pages\/11499","targetHints":{"allow":["GET"]}}],"collection":[{"href":"https:\/\/z-v.fr\/fr\/wp-json\/wp\/v2\/pages"}],"about":[{"href":"https:\/\/z-v.fr\/fr\/wp-json\/wp\/v2\/types\/page"}],"author":[{"embeddable":true,"href":"https:\/\/z-v.fr\/fr\/wp-json\/wp\/v2\/users\/4"}],"replies":[{"embeddable":true,"href":"https:\/\/z-v.fr\/fr\/wp-json\/wp\/v2\/comments?post=11499"}],"version-history":[{"count":5,"href":"https:\/\/z-v.fr\/fr\/wp-json\/wp\/v2\/pages\/11499\/revisions"}],"predecessor-version":[{"id":11551,"href":"https:\/\/z-v.fr\/fr\/wp-json\/wp\/v2\/pages\/11499\/revisions\/11551"}],"up":[{"embeddable":true,"href":"https:\/\/z-v.fr\/fr\/wp-json\/wp\/v2\/pages\/8652"}],"wp:featuredmedia":[{"embeddable":true,"href":"https:\/\/z-v.fr\/fr\/wp-json\/wp\/v2\/media\/950"}],"wp:attachment":[{"href":"https:\/\/z-v.fr\/fr\/wp-json\/wp\/v2\/media?parent=11499"}],"curies":[{"name":"wp","href":"https:\/\/api.w.org\/{rel}","templated":true}]}}