{"id":11463,"date":"2021-12-03T16:44:52","date_gmt":"2021-12-03T08:44:52","guid":{"rendered":"https:\/\/z-v.fr\/werqwise-san-mateo-french"},"modified":"2025-10-05T04:17:17","modified_gmt":"2025-10-04T20:17:17","slug":"werqwise-san-mateo","status":"publish","type":"page","link":"https:\/\/z-v.fr\/fr\/realisations\/werqwise-san-mateo","title":{"rendered":"Werqwise &#8211; San Mateo"},"content":{"rendered":"<div id=\"cs-content\" class=\"cs-content\"><\/div>\n","protected":false},"excerpt":{"rendered":"<p>Werqwise San Mateo4 W 4th AvenueLe Projet Werqwise est un op\u00e9rateur de coworking bas\u00e9 en Californie, proposant des espaces de travail haut de gamme pour des entreprises de toutes tailles. Depuis 2016, Z&amp;V est le partenaire exclusif de Werqwise pour le d\u00e9veloppement et l\u2019approvisionnement de ses produits. Notre expertise s\u2019est av\u00e9r\u00e9e d\u00e9terminante pour consolider la sp\u00e9cificit\u00e9 unique de leur marque. &#8230; <\/p>\n<div><a href=\"https:\/\/z-v.fr\/fr\/realisations\/werqwise-san-mateo\" class=\"more-link\">View Product<\/a><\/div>\n","protected":false},"author":4,"featured_media":0,"parent":8652,"menu_order":0,"comment_status":"closed","ping_status":"closed","template":"template-blank-4.php","meta":{"footnotes":""},"class_list":["post-11463","page","type-page","status-publish","hentry","no-post-thumbnail"],"aioseo_notices":[],"_links":{"self":[{"href":"https:\/\/z-v.fr\/fr\/wp-json\/wp\/v2\/pages\/11463","targetHints":{"allow":["GET"]}}],"collection":[{"href":"https:\/\/z-v.fr\/fr\/wp-json\/wp\/v2\/pages"}],"about":[{"href":"https:\/\/z-v.fr\/fr\/wp-json\/wp\/v2\/types\/page"}],"author":[{"embeddable":true,"href":"https:\/\/z-v.fr\/fr\/wp-json\/wp\/v2\/users\/4"}],"replies":[{"embeddable":true,"href":"https:\/\/z-v.fr\/fr\/wp-json\/wp\/v2\/comments?post=11463"}],"version-history":[{"count":6,"href":"https:\/\/z-v.fr\/fr\/wp-json\/wp\/v2\/pages\/11463\/revisions"}],"predecessor-version":[{"id":11556,"href":"https:\/\/z-v.fr\/fr\/wp-json\/wp\/v2\/pages\/11463\/revisions\/11556"}],"up":[{"embeddable":true,"href":"https:\/\/z-v.fr\/fr\/wp-json\/wp\/v2\/pages\/8652"}],"wp:attachment":[{"href":"https:\/\/z-v.fr\/fr\/wp-json\/wp\/v2\/media?parent=11463"}],"curies":[{"name":"wp","href":"https:\/\/api.w.org\/{rel}","templated":true}]}}