{"id":11455,"date":"2023-02-17T12:09:30","date_gmt":"2023-02-17T04:09:30","guid":{"rendered":"https:\/\/z-v.fr\/tbc-grenoble-french"},"modified":"2025-10-05T04:16:43","modified_gmt":"2025-10-04T20:16:43","slug":"tbc-grenoble","status":"publish","type":"page","link":"https:\/\/z-v.fr\/fr\/realisations\/tbc-grenoble","title":{"rendered":"TBC &#8211; Grenoble"},"content":{"rendered":"<div id=\"cs-content\" class=\"cs-content\"><\/div>\n","protected":false},"excerpt":{"rendered":"<p>TBC Grenoble &#8211; FranceLe Projet TBC est un acteur majeur du coliving en France, proposant une gamme de services incluant des espaces de travail flexibles, des logements premium, la restauration sur place et des \u00e9v\u00e9nements communautaires. Leur philosophie est que les espaces de coworking et de coliving ne doivent pas se limiter \u00e0 de simples lieux pour travailler ou dormir. &#8230; <\/p>\n<div><a href=\"https:\/\/z-v.fr\/fr\/realisations\/tbc-grenoble\" class=\"more-link\">View Product<\/a><\/div>\n","protected":false},"author":4,"featured_media":0,"parent":8652,"menu_order":0,"comment_status":"closed","ping_status":"closed","template":"template-blank-4.php","meta":{"footnotes":""},"class_list":["post-11455","page","type-page","status-publish","hentry","no-post-thumbnail"],"aioseo_notices":[],"_links":{"self":[{"href":"https:\/\/z-v.fr\/fr\/wp-json\/wp\/v2\/pages\/11455","targetHints":{"allow":["GET"]}}],"collection":[{"href":"https:\/\/z-v.fr\/fr\/wp-json\/wp\/v2\/pages"}],"about":[{"href":"https:\/\/z-v.fr\/fr\/wp-json\/wp\/v2\/types\/page"}],"author":[{"embeddable":true,"href":"https:\/\/z-v.fr\/fr\/wp-json\/wp\/v2\/users\/4"}],"replies":[{"embeddable":true,"href":"https:\/\/z-v.fr\/fr\/wp-json\/wp\/v2\/comments?post=11455"}],"version-history":[{"count":6,"href":"https:\/\/z-v.fr\/fr\/wp-json\/wp\/v2\/pages\/11455\/revisions"}],"predecessor-version":[{"id":11553,"href":"https:\/\/z-v.fr\/fr\/wp-json\/wp\/v2\/pages\/11455\/revisions\/11553"}],"up":[{"embeddable":true,"href":"https:\/\/z-v.fr\/fr\/wp-json\/wp\/v2\/pages\/8652"}],"wp:attachment":[{"href":"https:\/\/z-v.fr\/fr\/wp-json\/wp\/v2\/media?parent=11455"}],"curies":[{"name":"wp","href":"https:\/\/api.w.org\/{rel}","templated":true}]}}