{"id":11429,"date":"2024-04-02T20:36:22","date_gmt":"2024-04-02T12:36:22","guid":{"rendered":"https:\/\/z-v.fr\/n-c-strasbourg-french"},"modified":"2025-10-05T04:16:15","modified_gmt":"2025-10-04T20:16:15","slug":"nc-strasbourg","status":"publish","type":"page","link":"https:\/\/z-v.fr\/fr\/realisations\/nc-strasbourg","title":{"rendered":"N.C. &#8211; Strasbourg"},"content":{"rendered":"<div id=\"cs-content\" class=\"cs-content\"><\/div>\n","protected":false},"excerpt":{"rendered":"<p>N.C. STRASBOURG &#8211; FRANCE Le Projet N.C., un op\u00e9rateur de coworking en pleine expansion \u00e9tabli en France, propose des espaces de travail premium, distingu\u00e9s par une esth\u00e9tique raffin\u00e9e et des exp\u00e9riences tactiles d\u2019exception. Avec une pr\u00e9sence nationale solide, l\u2019entreprise conna\u00eet une croissance exponentielle, enti\u00e8rement tourn\u00e9e vers la satisfaction de sa communaut\u00e9 de coworkers. Dans sa derni\u00e8re r\u00e9alisation, nich\u00e9e au sein &#8230; <\/p>\n<div><a href=\"https:\/\/z-v.fr\/fr\/realisations\/nc-strasbourg\" class=\"more-link\">View Product<\/a><\/div>\n","protected":false},"author":4,"featured_media":0,"parent":8652,"menu_order":0,"comment_status":"closed","ping_status":"closed","template":"template-blank-4.php","meta":{"footnotes":""},"class_list":["post-11429","page","type-page","status-publish","hentry","no-post-thumbnail"],"aioseo_notices":[],"_links":{"self":[{"href":"https:\/\/z-v.fr\/fr\/wp-json\/wp\/v2\/pages\/11429","targetHints":{"allow":["GET"]}}],"collection":[{"href":"https:\/\/z-v.fr\/fr\/wp-json\/wp\/v2\/pages"}],"about":[{"href":"https:\/\/z-v.fr\/fr\/wp-json\/wp\/v2\/types\/page"}],"author":[{"embeddable":true,"href":"https:\/\/z-v.fr\/fr\/wp-json\/wp\/v2\/users\/4"}],"replies":[{"embeddable":true,"href":"https:\/\/z-v.fr\/fr\/wp-json\/wp\/v2\/comments?post=11429"}],"version-history":[{"count":6,"href":"https:\/\/z-v.fr\/fr\/wp-json\/wp\/v2\/pages\/11429\/revisions"}],"predecessor-version":[{"id":11549,"href":"https:\/\/z-v.fr\/fr\/wp-json\/wp\/v2\/pages\/11429\/revisions\/11549"}],"up":[{"embeddable":true,"href":"https:\/\/z-v.fr\/fr\/wp-json\/wp\/v2\/pages\/8652"}],"wp:attachment":[{"href":"https:\/\/z-v.fr\/fr\/wp-json\/wp\/v2\/media?parent=11429"}],"curies":[{"name":"wp","href":"https:\/\/api.w.org\/{rel}","templated":true}]}}