{"id":11423,"date":"2024-07-16T22:24:24","date_gmt":"2024-07-16T14:24:24","guid":{"rendered":"https:\/\/z-v.fr\/le-rouf-rouen-french"},"modified":"2025-10-05T04:15:18","modified_gmt":"2025-10-04T20:15:18","slug":"le-rouf","status":"publish","type":"page","link":"https:\/\/z-v.fr\/fr\/realisations\/le-rouf","title":{"rendered":"Le Rouf &#8211; Rouen"},"content":{"rendered":"<div id=\"cs-content\" class=\"cs-content\"><\/div>\n","protected":false},"excerpt":{"rendered":"<p>Le Rouf ROUEN &#8211; FRANCE Le Projet Le Rouf fait parti d\u2019un groupe de restauration en pleine expansion qui propose une vari\u00e9t\u00e9 d\u2019exp\u00e9riences uniques. Ce concept innovant de restaurant, offrant six ambiances diff\u00e9rentes dans un cadre rooftop spectaculaire, garantit de toujours profiter d\u2019un repas sain et vari\u00e9, aussi bien durant une semaine charg\u00e9e que pour un week-end d\u00e9tendu. Z&amp;V a &#8230; <\/p>\n<div><a href=\"https:\/\/z-v.fr\/fr\/realisations\/le-rouf\" class=\"more-link\">View Product<\/a><\/div>\n","protected":false},"author":4,"featured_media":0,"parent":8652,"menu_order":0,"comment_status":"closed","ping_status":"closed","template":"template-blank-4.php","meta":{"footnotes":""},"class_list":["post-11423","page","type-page","status-publish","hentry","no-post-thumbnail"],"aioseo_notices":[],"_links":{"self":[{"href":"https:\/\/z-v.fr\/fr\/wp-json\/wp\/v2\/pages\/11423","targetHints":{"allow":["GET"]}}],"collection":[{"href":"https:\/\/z-v.fr\/fr\/wp-json\/wp\/v2\/pages"}],"about":[{"href":"https:\/\/z-v.fr\/fr\/wp-json\/wp\/v2\/types\/page"}],"author":[{"embeddable":true,"href":"https:\/\/z-v.fr\/fr\/wp-json\/wp\/v2\/users\/4"}],"replies":[{"embeddable":true,"href":"https:\/\/z-v.fr\/fr\/wp-json\/wp\/v2\/comments?post=11423"}],"version-history":[{"count":10,"href":"https:\/\/z-v.fr\/fr\/wp-json\/wp\/v2\/pages\/11423\/revisions"}],"predecessor-version":[{"id":11974,"href":"https:\/\/z-v.fr\/fr\/wp-json\/wp\/v2\/pages\/11423\/revisions\/11974"}],"up":[{"embeddable":true,"href":"https:\/\/z-v.fr\/fr\/wp-json\/wp\/v2\/pages\/8652"}],"wp:attachment":[{"href":"https:\/\/z-v.fr\/fr\/wp-json\/wp\/v2\/media?parent=11423"}],"curies":[{"name":"wp","href":"https:\/\/api.w.org\/{rel}","templated":true}]}}