{"id":11419,"date":"2024-08-23T23:37:49","date_gmt":"2024-08-23T15:37:49","guid":{"rendered":"https:\/\/z-v.fr\/n-c-fc-metz-french"},"modified":"2025-10-05T04:15:31","modified_gmt":"2025-10-04T20:15:31","slug":"n-c-fc-metz","status":"publish","type":"page","link":"https:\/\/z-v.fr\/fr\/realisations\/n-c-fc-metz","title":{"rendered":"N.C. &#8211; FC Metz"},"content":{"rendered":"<div id=\"cs-content\" class=\"cs-content\"><\/div>\n","protected":false},"excerpt":{"rendered":"<p>N.C. FC METZ &#8211; FRANCE Le Projet N.C., un op\u00e9rateur de coworking en pleine expansion \u00e9tabli en France, propose des espaces de travail premium, reconnus pour leur \u00ab Look and Touch \u00bb d\u2019exception. Avec une pr\u00e9sence nationale solide, l\u2019entreprise conna\u00eet une croissance exponentielle, enti\u00e8rement tourn\u00e9e vers la satisfaction de sa communaut\u00e9 de coworkers. Nous avons fourni une solution compl\u00e8te comprenant &#8230; <\/p>\n<div><a href=\"https:\/\/z-v.fr\/fr\/realisations\/n-c-fc-metz\" class=\"more-link\">View Product<\/a><\/div>\n","protected":false},"author":4,"featured_media":0,"parent":8652,"menu_order":0,"comment_status":"closed","ping_status":"closed","template":"template-blank-4.php","meta":{"footnotes":""},"class_list":["post-11419","page","type-page","status-publish","hentry","no-post-thumbnail"],"aioseo_notices":[],"_links":{"self":[{"href":"https:\/\/z-v.fr\/fr\/wp-json\/wp\/v2\/pages\/11419","targetHints":{"allow":["GET"]}}],"collection":[{"href":"https:\/\/z-v.fr\/fr\/wp-json\/wp\/v2\/pages"}],"about":[{"href":"https:\/\/z-v.fr\/fr\/wp-json\/wp\/v2\/types\/page"}],"author":[{"embeddable":true,"href":"https:\/\/z-v.fr\/fr\/wp-json\/wp\/v2\/users\/4"}],"replies":[{"embeddable":true,"href":"https:\/\/z-v.fr\/fr\/wp-json\/wp\/v2\/comments?post=11419"}],"version-history":[{"count":9,"href":"https:\/\/z-v.fr\/fr\/wp-json\/wp\/v2\/pages\/11419\/revisions"}],"predecessor-version":[{"id":11975,"href":"https:\/\/z-v.fr\/fr\/wp-json\/wp\/v2\/pages\/11419\/revisions\/11975"}],"up":[{"embeddable":true,"href":"https:\/\/z-v.fr\/fr\/wp-json\/wp\/v2\/pages\/8652"}],"wp:attachment":[{"href":"https:\/\/z-v.fr\/fr\/wp-json\/wp\/v2\/media?parent=11419"}],"curies":[{"name":"wp","href":"https:\/\/api.w.org\/{rel}","templated":true}]}}