{"id":11393,"date":"2020-11-26T10:12:44","date_gmt":"2020-11-26T02:12:44","guid":{"rendered":"https:\/\/z-v.fr\/?page_id=11393"},"modified":"2025-09-12T14:06:21","modified_gmt":"2025-09-12T06:06:21","slug":"politiquedeconfidentialite","status":"publish","type":"page","link":"https:\/\/z-v.fr\/fr\/politiquedeconfidentialite","title":{"rendered":"Politique de Confidentialit\u00e9"},"content":{"rendered":"<p>La pr\u00e9sente politique de confidentialit\u00e9 s&rsquo;applique entre vous, l\u2019Utilisateur de ce Site Web, et Z&amp;V, propri\u00e9taire et fournisseur de ce Site Web. Z&amp;V prend tr\u00e8s au s\u00e9rieux la confidentialit\u00e9 de vos informations. La pr\u00e9sente politique de confidentialit\u00e9 s\u2019applique \u00e0 notre utilisation de toutes les donn\u00e9es collect\u00e9es par nous ou fournies par vous dans le cadre de votre utilisation du Site Web. Elle doit \u00eatre lue en compl\u00e9ment de nos Conditions G\u00e9n\u00e9rales d\u2019Utilisation, disponibles \u00e0 l\u2019adresse suivante : <a href=\"https:\/\/z-v.fr\/fr\/conditions-dutilisation\">https:\/\/z-v.fr\/terms-of-use\/<\/a>. Veuillez lire attentivement cette politique de confidentialit\u00e9.<\/p>\n<hr \/>\n<h3>D\u00e9finitions et interpr\u00e9tation<\/h3>\n<p>Dans la pr\u00e9sente politique de confidentialit\u00e9, les d\u00e9finitions suivantes sont utilis\u00e9es :<\/p>\n<ul>\n<li><strong>Donn\u00e9es<\/strong> : l\u2019ensemble des informations que vous soumettez \u00e0 Z&amp;V via le Site Web. Cette d\u00e9finition int\u00e8gre, le cas \u00e9ch\u00e9ant, les d\u00e9finitions pr\u00e9vues par les lois sur la protection des donn\u00e9es.<\/li>\n<li><strong>Cookies<\/strong> : petit fichier texte plac\u00e9 sur votre ordinateur par le Site Web lors de la visite de certaines parties du site ou de l\u2019utilisation de certaines fonctionnalit\u00e9s. Les d\u00e9tails relatifs aux cookies utilis\u00e9s sont indiqu\u00e9s dans la section \u00ab\u00a0Cookies\u00a0\u00bb ci-dessous.<\/li>\n<li><strong>Lois sur la protection des donn\u00e9es<\/strong> : toute loi applicable relative au traitement des donn\u00e9es personnelles, y compris mais sans s\u2019y limiter \u00e0 la Directive 96\/46\/CE (Directive sur la protection des donn\u00e9es) ou au RGPD, ainsi que toutes les lois, r\u00e8glements et l\u00e9gislations secondaires nationales mises en \u0153uvre, tant que le RGPD est en vigueur en France.<\/li>\n<li><strong>RGPD<\/strong> : R\u00e8glement g\u00e9n\u00e9ral sur la protection des donn\u00e9es (UE) 2016\/679.<\/li>\n<li><strong>Z&amp;V, nous ou notre<\/strong> : Z&amp;V (HK) Co., Limited.<\/li>\n<li><strong>Loi europ\u00e9enne sur les cookies<\/strong> : Privacy and Electronic Communications (EC Directive) Regulations 2003, telle que modifi\u00e9e par les Privacy and Electronic Communications (EC Directive) (Amendment) Regulations 2011.<\/li>\n<li><strong>Utilisateur ou vous<\/strong> : toute personne physique ou morale acc\u00e9dant au Site Web et qui n\u2019est pas (i) employ\u00e9e par Z&amp;V dans le cadre de son emploi, ou (ii) consultante ou prestataire de services de Z&amp;V acc\u00e9dant au Site Web dans le cadre de la fourniture de ces services.<\/li>\n<li><strong>Site Web<\/strong> : le site web que vous utilisez actuellement, z-v.fr, ainsi que tous ses sous-domaines, sauf exclusion expresse dans leurs propres conditions g\u00e9n\u00e9rales.<\/li>\n<\/ul>\n<p>Dans la pr\u00e9sente politique de confidentialit\u00e9, sauf indication contraire :<\/p>\n<ul>\n<li>le singulier inclut le pluriel et vice versa ;<\/li>\n<li>les r\u00e9f\u00e9rences aux sous-clauses, clauses, annexes ou appendices renvoient \u00e0 ceux de cette politique de confidentialit\u00e9 ;<\/li>\n<li>une r\u00e9f\u00e9rence \u00e0 une personne inclut les entreprises, soci\u00e9t\u00e9s, entit\u00e9s gouvernementales, trusts et partenariats ;<\/li>\n<li>\u00ab\u00a0y compris\u00a0\u00bb est entendu comme \u00ab\u00a0y compris sans limitation\u00a0\u00bb ;<\/li>\n<li>une r\u00e9f\u00e9rence \u00e0 toute disposition l\u00e9gale inclut toute modification ou amendement de celle-ci ;<\/li>\n<li>les titres et sous-titres ne font pas partie int\u00e9grante de cette politique de confidentialit\u00e9.<\/li>\n<\/ul>\n<hr \/>\n<h3>Champ d\u2019application<\/h3>\n<p>La pr\u00e9sente politique de confidentialit\u00e9 s\u2019applique uniquement aux actions de Z&amp;V et des Utilisateurs concernant ce Site Web. Elle ne s\u2019\u00e9tend pas aux sites web accessibles depuis ce Site Web, y compris les r\u00e9seaux sociaux ou autres liens tiers. Aux fins des lois applicables sur la protection des donn\u00e9es, Z&amp;V est le <strong>responsable du traitement des donn\u00e9es<\/strong>, ce qui signifie que Z&amp;V d\u00e9termine les finalit\u00e9s et les moyens du traitement de vos donn\u00e9es.<\/p>\n<hr \/>\n<h3>Donn\u00e9es collect\u00e9es<\/h3>\n<p>Nous pouvons collecter les donn\u00e9es suivantes, y compris des donn\u00e9es personnelles, vous concernant :<\/p>\n<ul>\n<li><strong>Donn\u00e9es d\u2019identit\u00e9<\/strong> : pr\u00e9nom, nom, titre, soci\u00e9t\u00e9<\/li>\n<li><strong>Donn\u00e9es de contact<\/strong> : adresse de facturation, adresse de livraison, adresse e-mail, num\u00e9ros de t\u00e9l\u00e9phone<\/li>\n<li><strong>Donn\u00e9es professionnelles<\/strong> : type d\u2019entreprise, type de projet, pr\u00e9visions de ventes<\/li>\n<li><strong>Donn\u00e9es techniques<\/strong> : adresse IP, identifiants de connexion, type et version du navigateur, fuseau horaire et localisation, types et versions des plugins du navigateur, syst\u00e8me d\u2019exploitation et plateforme, et autres technologies utilis\u00e9es pour acc\u00e9der au Site Web<\/li>\n<li><strong>Donn\u00e9es d\u2019utilisation<\/strong> : informations sur votre utilisation du site, de nos produits et services<\/li>\n<li><strong>Donn\u00e9es marketing et de communication<\/strong> : pr\u00e9f\u00e9rences concernant la r\u00e9ception de communications marketing de notre part et de tiers, ainsi que vos pr\u00e9f\u00e9rences de communication<\/li>\n<\/ul>\n<p>Nous collectons \u00e9galement des <strong>donn\u00e9es agr\u00e9g\u00e9es<\/strong>, telles que des donn\u00e9es statistiques ou d\u00e9mographiques, \u00e0 des fins diverses. Ces donn\u00e9es peuvent \u00eatre d\u00e9riv\u00e9es de vos donn\u00e9es personnelles mais ne permettent pas de vous identifier directement ou indirectement. Si nous combinons ces donn\u00e9es agr\u00e9g\u00e9es avec vos donn\u00e9es personnelles, elles seront alors consid\u00e9r\u00e9es comme des donn\u00e9es personnelles et trait\u00e9es conform\u00e9ment \u00e0 cette politique de confidentialit\u00e9.<\/p>\n<p>Nous ne collectons pas de <strong>cat\u00e9gories particuli\u00e8res de donn\u00e9es personnelles<\/strong>, telles que des informations sur votre origine ethnique, vos croyances religieuses ou philosophiques, votre vie sexuelle, vos opinions politiques, votre sant\u00e9, vos donn\u00e9es g\u00e9n\u00e9tiques ou biom\u00e9triques. Nous ne collectons pas non plus d\u2019informations sur des condamnations p\u00e9nales ou infractions.<\/p>\n<hr \/>\n<h3>Mode de collecte des donn\u00e9es<\/h3>\n<p>Nous collectons les donn\u00e9es de deux mani\u00e8res :<\/p>\n<ol>\n<li><strong>Donn\u00e9es que vous nous fournissez<\/strong> :\n<ul>\n<li>via vos contacts avec nous (t\u00e9l\u00e9phone, e-mail, courrier, formulaire sur le site)<\/li>\n<li>lorsque vous choisissez de recevoir des communications marketing<\/li>\n<li>lorsque vous utilisez nos services<\/li>\n<\/ul>\n<\/li>\n<li><strong>Donn\u00e9es collect\u00e9es automatiquement<\/strong> :\n<ul>\n<li>informations sur votre visite du Site Web (adresse IP, date, heures, fr\u00e9quence d\u2019acc\u00e8s, interactions avec le contenu)<\/li>\n<li>donn\u00e9es collect\u00e9es via les cookies, selon vos param\u00e8tres de navigateur<\/li>\n<\/ul>\n<\/li>\n<\/ol>\n<hr \/>\n<h3>Utilisation des donn\u00e9es<\/h3>\n<p>Les donn\u00e9es collect\u00e9es peuvent \u00eatre utilis\u00e9es pour :<\/p>\n<ul>\n<li>la tenue de nos registres internes ;<\/li>\n<li>l\u2019am\u00e9lioration de nos produits et services ;<\/li>\n<li>l\u2019envoi de mat\u00e9riel marketing par e-mail susceptible de vous int\u00e9resser ;<\/li>\n<li>les enqu\u00eates de march\u00e9 et la personnalisation du Site Web.<\/li>\n<\/ul>\n<p>Nous traitons vos donn\u00e9es pour nos <strong>int\u00e9r\u00eats l\u00e9gitimes<\/strong>, sauf si le traitement repose sur votre consentement explicite, notamment pour le marketing direct. Vous avez le droit de retirer votre consentement \u00e0 tout moment.<\/p>\n<hr \/>\n<h3>S\u00e9curit\u00e9 des donn\u00e9es<\/h3>\n<p>Nous mettons en \u0153uvre des mesures techniques et organisationnelles pour prot\u00e9ger vos donn\u00e9es :<\/p>\n<ul>\n<li>acc\u00e8s \u00e0 votre compte contr\u00f4l\u00e9 par identifiant et mot de passe uniques ;<\/li>\n<li>stockage sur des serveurs s\u00e9curis\u00e9s ;<\/li>\n<li>mesures de gestion des violations de donn\u00e9es.<\/li>\n<\/ul>\n<p>En cas de suspicion d\u2019usage abusif, perte ou acc\u00e8s non autoris\u00e9, veuillez nous contacter imm\u00e9diatement \u00e0 <strong><a href=\"mailto:info@z-v.fr\">info@z-v.fr<\/a><\/strong> ou par courrier recommand\u00e9.<\/p>\n<hr \/>\n<h3>Conservation des donn\u00e9es<\/h3>\n<p>Nous ne conservons vos donn\u00e9es que le temps n\u00e9cessaire pour atteindre les finalit\u00e9s indiqu\u00e9es dans cette politique ou jusqu\u2019\u00e0 votre demande de suppression, et au maximum <strong>3 ans apr\u00e8s notre derni\u00e8re interaction<\/strong>. Les donn\u00e9es peuvent subsister sur des supports de sauvegarde pour des raisons l\u00e9gales, fiscales ou r\u00e9glementaires.<\/p>\n<hr \/>\n<h3>Vos droits<\/h3>\n<p>Vous disposez des droits suivants :<\/p>\n<ul>\n<li>droit d\u2019acc\u00e8s, de rectification et d\u2019effacement ;<\/li>\n<li>droit de restreindre ou d\u2019opposer le traitement de vos donn\u00e9es ;<\/li>\n<li>droit \u00e0 la portabilit\u00e9 des donn\u00e9es ;<\/li>\n<li>droit de retirer votre consentement au traitement pour le marketing.<\/li>\n<\/ul>\n<p>Pour exercer vos droits, contactez <strong><a href=\"mailto:info@z-v.fr\">info@z-v.fr<\/a><\/strong>. Vous pouvez \u00e9galement saisir l\u2019autorit\u00e9 de protection des donn\u00e9es comp\u00e9tente.<\/p>\n<hr \/>\n<h3>Liens vers d\u2019autres sites<\/h3>\n<p>Le Site Web peut contenir des liens vers d\u2019autres sites. Z&amp;V n\u2019a aucun contr\u00f4le sur ces sites et n\u2019est pas responsable de leur contenu ou politique de confidentialit\u00e9.<\/p>\n<hr \/>\n<h3>Changements de propri\u00e9t\u00e9 ou de contr\u00f4le<\/h3>\n<p>En cas de cession ou transfert de Z&amp;V ou de tout ou partie de ses activit\u00e9s, vos donn\u00e9es pourront \u00eatre transf\u00e9r\u00e9es au nouveau propri\u00e9taire, dans le respect de cette politique.<\/p>\n<hr \/>\n<h3>Cookies<\/h3>\n<p>Le Site Web utilise des cookies pour am\u00e9liorer votre exp\u00e9rience. Les cookies sont utilis\u00e9s conform\u00e9ment \u00e0 la <strong>loi europ\u00e9enne sur les cookies<\/strong>. Vous pouvez accepter ou refuser les cookies via la barre d\u2019information ou les param\u00e8tres de votre navigateur. Certains cookies sont n\u00e9cessaires au fonctionnement du site, d\u2019autres servent \u00e0 l\u2019analyse et \u00e0 la performance, et certains sont plac\u00e9s par des tiers (ex. Instagram). Pour plus de d\u00e9tails, consultez <a href=\"https:\/\/www.aboutcookies.org\/\">aboutcookies.org<\/a>.<\/p>\n<hr \/>\n<h3>G\u00e9n\u00e9ralit\u00e9s<\/h3>\n<p>Vous ne pouvez c\u00e9der vos droits li\u00e9s \u00e0 cette politique \u00e0 un tiers. Z&amp;V peut transf\u00e9rer ses droits si vos droits ne sont pas affect\u00e9s. La l\u00e9gislation applicable est la <strong>loi fran\u00e7aise<\/strong> et les tribunaux fran\u00e7ais ont <strong>comp\u00e9tence exclusive<\/strong>.<\/p>\n<hr \/>\n<h3>Modifications de la politique de confidentialit\u00e9<\/h3>\n<p>Z&amp;V se r\u00e9serve le droit de modifier cette politique \u00e0 tout moment. Toute modification sera publi\u00e9e imm\u00e9diatement sur le Site Web.<\/p>\n<p>La derni\u00e8re mise \u00e0 jour date du <strong>12 janvier 2021<\/strong>.<\/p>\n","protected":false},"excerpt":{"rendered":"<p>La pr\u00e9sente politique de confidentialit\u00e9 s&rsquo;applique entre vous, l\u2019Utilisateur de ce Site Web, et Z&amp;V, propri\u00e9taire et fournisseur de ce Site Web. Z&amp;V prend tr\u00e8s au s\u00e9rieux la confidentialit\u00e9 de vos informations. La pr\u00e9sente politique de confidentialit\u00e9 s\u2019applique \u00e0 notre utilisation de toutes les donn\u00e9es collect\u00e9es par nous ou fournies par vous dans le cadre de votre utilisation du Site &#8230; <\/p>\n<div><a href=\"https:\/\/z-v.fr\/fr\/politiquedeconfidentialite\" class=\"more-link\">View Product<\/a><\/div>\n","protected":false},"author":4,"featured_media":0,"parent":0,"menu_order":0,"comment_status":"closed","ping_status":"closed","template":"template-blank-1.php","meta":{"footnotes":""},"class_list":["post-11393","page","type-page","status-publish","hentry","no-post-thumbnail"],"aioseo_notices":[],"_links":{"self":[{"href":"https:\/\/z-v.fr\/fr\/wp-json\/wp\/v2\/pages\/11393","targetHints":{"allow":["GET"]}}],"collection":[{"href":"https:\/\/z-v.fr\/fr\/wp-json\/wp\/v2\/pages"}],"about":[{"href":"https:\/\/z-v.fr\/fr\/wp-json\/wp\/v2\/types\/page"}],"author":[{"embeddable":true,"href":"https:\/\/z-v.fr\/fr\/wp-json\/wp\/v2\/users\/4"}],"replies":[{"embeddable":true,"href":"https:\/\/z-v.fr\/fr\/wp-json\/wp\/v2\/comments?post=11393"}],"version-history":[{"count":2,"href":"https:\/\/z-v.fr\/fr\/wp-json\/wp\/v2\/pages\/11393\/revisions"}],"predecessor-version":[{"id":11395,"href":"https:\/\/z-v.fr\/fr\/wp-json\/wp\/v2\/pages\/11393\/revisions\/11395"}],"wp:attachment":[{"href":"https:\/\/z-v.fr\/fr\/wp-json\/wp\/v2\/media?parent=11393"}],"curies":[{"name":"wp","href":"https:\/\/api.w.org\/{rel}","templated":true}]}}